{"id":3528,"date":"2025-02-19T16:19:31","date_gmt":"2025-02-19T16:19:31","guid":{"rendered":"https:\/\/www.youcanfly.fr\/ailes-paramoteur\/?page_id=3528"},"modified":"2025-03-04T22:04:35","modified_gmt":"2025-03-04T22:04:35","slug":"garantie-parapente","status":"publish","type":"page","link":"https:\/\/www.solfrance.fr\/ailes-paramoteur\/garantie-parapente\/","title":{"rendered":"Garantie aile paramoteur"},"content":{"rendered":"\t\t<div data-elementor-type=\"wp-page\" data-elementor-id=\"3528\" class=\"elementor elementor-3528\" data-elementor-post-type=\"page\">\n\t\t\t\t<div class=\"elementor-element elementor-element-c1dd56c e-flex e-con-boxed e-con e-parent\" data-id=\"c1dd56c\" data-element_type=\"container\" data-e-type=\"container\">\n\t\t\t\t\t<div class=\"e-con-inner\">\n\t\t\t\t<div class=\"elementor-element elementor-element-a2aedc6 elementor-widget elementor-widget-text-editor\" data-id=\"a2aedc6\" data-element_type=\"widget\" data-e-type=\"widget\" data-widget_type=\"text-editor.default\">\n\t\t\t\t<div class=\"elementor-widget-container\">\n\t\t\t\t\t\t\t\t\t<section class=\"elementor-section elementor-top-section elementor-element elementor-element-51f34ff7 elementor-section-boxed elementor-section-height-default elementor-section-height-default\" data-particle_enable=\"false\" data-particle-mobile-disabled=\"false\" data-id=\"51f34ff7\" data-element_type=\"section\">\n<div class=\"elementor-container elementor-column-gap-default\">\n<div class=\"elementor-column elementor-col-100 elementor-top-column elementor-element elementor-element-1930b5f\" data-id=\"1930b5f\" data-element_type=\"column\">\n<div class=\"elementor-widget-wrap elementor-element-populated\">\n<div class=\"elementor-element elementor-element-185c1d0a elementor-widget elementor-widget-text-editor\" data-id=\"185c1d0a\" data-element_type=\"widget\" data-widget_type=\"text-editor.default\">\n<div class=\"elementor-widget-container\">\n<h2>Garantie Paramoteur<br \/>CONDITIONS DE GARANTIE<\/h2>\n<p>Chaque aile de paramoteur\/paratrike SOL b\u00e9n\u00e9ficie d&rsquo;une garantie d&rsquo;un an, de 100 heures de vol ou de 100 vols, au premier des deux termes \u00e9chus. Cette garantie signifie la r\u00e9paration gratuite ou le remplacement, \u00e0 la discr\u00e9tion du fabricant, des mat\u00e9riaux par d&rsquo;autres en parfait \u00e9tat selon les crit\u00e8res \u00e9nonc\u00e9s dans le manuel.<\/p>\n<p>Cette garantie concerne les mat\u00e9riaux et les erreurs de fabrication, dans le respect des conditions pr\u00e9d\u00e9finies ;<br \/>Cette garantie couvre toutes les ailes de paramoteur\/paratrike SOL homologu\u00e9es par la DGAC \/ LTF \/ EN pour un usage loisir, \u00e0 l&rsquo;exclusion du mat\u00e9riel \u00e0 usage professionnel (\u00e9cole, comp\u00e9tition, acro, etc.) ;<br \/>En cas d&rsquo;utilisation extr\u00eame, les parapentes destin\u00e9s \u00e0 la comp\u00e9tition, \u00e0 l&rsquo;acro, aux protos et \u00e0 l&rsquo;utilisation professionnelle ne sont pas couverts par la garantie SOL de 3 ans (300 heures). Tous les parapentes SOL destin\u00e9s \u00e0 la comp\u00e9tition et \u00e0 l&rsquo;acro sont garantis 1 an contre les d\u00e9fauts de fabrication.<\/p>\n<p>Conditions de garantie<br \/><br \/>Un formulaire doit \u00eatre rempli correctement dans les 30 jours suivant l&rsquo;achat (<a href=\"https:\/\/solparamotors.com.br\/registro\" target=\"_blank\" rel=\"noopener\">Remplir le formulaire ici<\/a>) ;<br \/>Chaque vol doit \u00eatre enregistr\u00e9, avec mention de la date, du lieu et de la dur\u00e9e ;<br \/>L&rsquo;\u00e9quipement doit \u00eatre utilis\u00e9 et entretenu conform\u00e9ment aux instructions du manuel d&rsquo;utilisation. Les instructions relatives au stockage, au pliage, au nettoyage et aux autres soins doivent \u00eatre d\u00fbment respect\u00e9es ;<br \/>La maintenance et l&rsquo;entretien ne peuvent \u00eatre effectu\u00e9s que par le fabricant ou un atelier agr\u00e9\u00e9 et doivent \u00eatre d\u00fbment document\u00e9s ;<br \/>L&rsquo;aile de paramoteur\/paratrike doit suivre le programme d&rsquo;inspection. La premi\u00e8re inspection obligatoire doit \u00eatre effectu\u00e9e apr\u00e8s 24 mois, 100 heures de vol ou 100 vols, selon la premi\u00e8re \u00e9ventualit\u00e9. Apr\u00e8s la premi\u00e8re inspection, une aile de paramoteur\/paratrike doit \u00eatre inspect\u00e9e tous les 12 mois, 100 heures de vol ou 100 vols (selon la premi\u00e8re \u00e9ventualit\u00e9). Il peut arriver que l&rsquo;inspection d\u00e9finisse une p\u00e9riode plus courte pour l&rsquo;inspection suivante (par exemple 6 mois, 50 heures de vol ou 50 vols). En l&rsquo;absence des inspections obligatoires, l&rsquo;aile de paramoteur\/paratrike perd sa certification ;<br \/>Tous les frais d&rsquo;exp\u00e9dition \u00e0 l&rsquo;usine et de retour de l&rsquo;\u00e9quipement sont \u00e0 la charge du propri\u00e9taire .<\/p>\n<p><br \/>Pour demander l&rsquo;\u00e9change ou la r\u00e9paration de l&rsquo;\u00e9quipement, qui doit \u00eatre d\u00e9cid\u00e9 et effectu\u00e9 uniquement par SOL Paragliders, le propri\u00e9taire doit envoyer \u00e0 la compagnie :<br \/>a) L&rsquo;aile en question et une copie de toutes les r\u00e9visions effectu\u00e9es et des enregistrements de vol ; <br \/>b) <a href=\"https:\/\/solparamotors.com.br\/registro\" target=\"_blank\" rel=\"noopener\">Le formulaire d&rsquo;enregistrement de la garantie SOL Paragliders<\/a>.<\/p>\n<p>Cette garantie ne couvre pas<br \/><br \/>L&rsquo;alt\u00e9ration des couleurs d&rsquo;origine des tissus, des fils et des attaches ;<br \/>Les dommages caus\u00e9s par des produits chimiques, du sable, des frottements, des produits de nettoyage ou de l&rsquo;eau sal\u00e9e ;<br \/>Les dommages caus\u00e9s par des erreurs de manipulation, des incidents, des accidents ou des situations d&rsquo;urgence ;<br \/>Les dommages caus\u00e9s par une mauvaise utilisation du parapente ;<br \/>Les produits qui ont subi une alt\u00e9ration de leur conception originale sans l&rsquo;autorisation officielle de SOL Paragliders.<br \/>Les dommages caus\u00e9s par un transport, un stockage ou une installation incorrects du produit ;<br \/>D\u00e9fauts et dommages r\u00e9sultant de l&rsquo;utilisation de composants non compatibles avec le produit ;<br \/>Utilisation d&rsquo;un emballage inad\u00e9quat lors de l&rsquo;envoi du produit pour r\u00e9paration.<br \/>Pr\u00e9sentation du produit sans l&rsquo;\u00e9tiquette d&rsquo;identification avec le num\u00e9ro de s\u00e9rie ;<br \/>Fonctionnement en dehors des sp\u00e9cifications publi\u00e9es dans le manuel d&rsquo;utilisation.<\/p>\n<p>*Garantie : mois contre les d\u00e9fauts de fabrication.<\/p>\n<p>\u00c0 partir du moment o\u00f9 l&rsquo;achat est effectu\u00e9, le consommateur a droit \u00e0 une garantie l\u00e9gale de 3 mois, pr\u00e9vue par la l\u00e9gislation nationale en vertu de l&rsquo;article 26 du Code de la d\u00e9fense des consommateurs. SOL propose une extension de garantie sous certaines conditions en fonction du produit (voir le manuel et\/ou les informations sur le produit).<\/p>\n<\/div>\n<\/div>\n<\/div>\n<\/div>\n<\/div>\n<\/section>\t\t\t\t\t\t\t\t<\/div>\n\t\t\t\t<\/div>\n\t\t\t\t\t<\/div>\n\t\t\t\t<\/div>\n\t\t\t\t<\/div>\n\t\t","protected":false},"excerpt":{"rendered":"<p>Garantie ParamoteurCONDITIONS DE GARANTIE Chaque aile de paramoteur\/paratrike SOL b\u00e9n\u00e9ficie d&rsquo;une garantie d&rsquo;un an, de 100 heures de vol ou de 100 vols, au premier des deux termes \u00e9chus. Cette garantie signifie la r\u00e9paration gratuite ou le remplacement, \u00e0 la discr\u00e9tion du fabricant, des mat\u00e9riaux par d&rsquo;autres en parfait \u00e9tat selon les crit\u00e8res \u00e9nonc\u00e9s dans [&hellip;]<\/p>\n","protected":false},"author":1,"featured_media":0,"parent":0,"menu_order":0,"comment_status":"closed","ping_status":"closed","template":"","meta":{"cybocfi_hide_featured_image":"","footnotes":""},"class_list":["post-3528","page","type-page","status-publish","hentry"],"aioseo_notices":[],"_links":{"self":[{"href":"https:\/\/www.solfrance.fr\/ailes-paramoteur\/wp-json\/wp\/v2\/pages\/3528","targetHints":{"allow":["GET"]}}],"collection":[{"href":"https:\/\/www.solfrance.fr\/ailes-paramoteur\/wp-json\/wp\/v2\/pages"}],"about":[{"href":"https:\/\/www.solfrance.fr\/ailes-paramoteur\/wp-json\/wp\/v2\/types\/page"}],"author":[{"embeddable":true,"href":"https:\/\/www.solfrance.fr\/ailes-paramoteur\/wp-json\/wp\/v2\/users\/1"}],"replies":[{"embeddable":true,"href":"https:\/\/www.solfrance.fr\/ailes-paramoteur\/wp-json\/wp\/v2\/comments?post=3528"}],"version-history":[{"count":10,"href":"https:\/\/www.solfrance.fr\/ailes-paramoteur\/wp-json\/wp\/v2\/pages\/3528\/revisions"}],"predecessor-version":[{"id":4378,"href":"https:\/\/www.solfrance.fr\/ailes-paramoteur\/wp-json\/wp\/v2\/pages\/3528\/revisions\/4378"}],"wp:attachment":[{"href":"https:\/\/www.solfrance.fr\/ailes-paramoteur\/wp-json\/wp\/v2\/media?parent=3528"}],"curies":[{"name":"wp","href":"https:\/\/api.w.org\/{rel}","templated":true}]}}