{"id":3824,"date":"2025-02-25T13:49:08","date_gmt":"2025-02-25T13:49:08","guid":{"rendered":"https:\/\/www.youcanfly.fr\/ailes-paramoteur\/?page_id=3824"},"modified":"2026-02-13T19:07:12","modified_gmt":"2026-02-13T19:07:12","slug":"save-max","status":"publish","type":"page","link":"https:\/\/www.solfrance.fr\/ailes-paramoteur\/save-max\/","title":{"rendered":"Save max"},"content":{"rendered":"\t\t<div data-elementor-type=\"wp-page\" data-elementor-id=\"3824\" class=\"elementor elementor-3824\" data-elementor-post-type=\"page\">\n\t\t\t\t<div class=\"elementor-element elementor-element-7f4e0ea e-con-full e-flex e-con e-parent\" data-id=\"7f4e0ea\" data-element_type=\"container\" data-e-type=\"container\">\n\t\t\t\t<div class=\"elementor-element elementor-element-b4bf0bd elementor-widget elementor-widget-image\" data-id=\"b4bf0bd\" data-element_type=\"widget\" data-e-type=\"widget\" data-widget_type=\"image.default\">\n\t\t\t\t<div class=\"elementor-widget-container\">\n\t\t\t\t\t\t\t\t\t\t\t\t\t\t\t<img fetchpriority=\"high\" decoding=\"async\" width=\"1297\" height=\"272\" src=\"https:\/\/www.solfrance.fr\/ailes-paramoteur\/wp-content\/uploads\/sites\/3\/2025\/02\/Banner-Savemax-.jpg\" class=\"attachment-full size-full wp-image-3827\" alt=\"\" srcset=\"https:\/\/www.solfrance.fr\/ailes-paramoteur\/wp-content\/uploads\/sites\/3\/2025\/02\/Banner-Savemax-.jpg 1297w, https:\/\/www.solfrance.fr\/ailes-paramoteur\/wp-content\/uploads\/sites\/3\/2025\/02\/Banner-Savemax--300x63.jpg 300w, https:\/\/www.solfrance.fr\/ailes-paramoteur\/wp-content\/uploads\/sites\/3\/2025\/02\/Banner-Savemax--1024x215.jpg 1024w, https:\/\/www.solfrance.fr\/ailes-paramoteur\/wp-content\/uploads\/sites\/3\/2025\/02\/Banner-Savemax--768x161.jpg 768w\" sizes=\"(max-width: 1297px) 100vw, 1297px\" \/>\t\t\t\t\t\t\t\t\t\t\t\t\t\t\t<\/div>\n\t\t\t\t<\/div>\n\t\t\t\t<\/div>\n\t\t<div class=\"elementor-element elementor-element-5b9ae81 e-flex e-con-boxed e-con e-parent\" data-id=\"5b9ae81\" data-element_type=\"container\" data-e-type=\"container\">\n\t\t\t\t\t<div class=\"e-con-inner\">\n\t\t\t\t<div class=\"elementor-element elementor-element-2e14956 elementor-widget elementor-widget-text-editor\" data-id=\"2e14956\" data-element_type=\"widget\" data-e-type=\"widget\" data-widget_type=\"text-editor.default\">\n\t\t\t\t<div class=\"elementor-widget-container\">\n\t\t\t\t\t\t\t\t\t<section class=\"elementor-section elementor-top-section elementor-element elementor-element-95f775e elementor-section-boxed elementor-section-height-default elementor-section-height-default\" data-particle_enable=\"false\" data-particle-mobile-disabled=\"false\" data-id=\"95f775e\" data-element_type=\"section\"><div class=\"elementor-container elementor-column-gap-default\"><div class=\"elementor-column elementor-col-100 elementor-top-column elementor-element elementor-element-0071abe\" data-id=\"0071abe\" data-element_type=\"column\"><div class=\"elementor-widget-wrap elementor-element-populated\"><div class=\"elementor-element elementor-element-163a56c elementor-widget elementor-widget-text-editor\" data-id=\"163a56c\" data-element_type=\"widget\" data-widget_type=\"text-editor.default\"><div class=\"elementor-widget-container\"><h1><em>Savemax\u00a033\u00a0\/\u00a037\u00a0<\/em><\/h1><\/div><\/div><\/div><\/div><\/div><\/section><section class=\"elementor-section elementor-top-section elementor-element elementor-element-e44b230 elementor-section-boxed elementor-section-height-default elementor-section-height-default\" data-particle_enable=\"false\" data-particle-mobile-disabled=\"false\" data-id=\"e44b230\" data-element_type=\"section\"><div class=\"elementor-container elementor-column-gap-default\"><div class=\"elementor-column elementor-col-100 elementor-top-column elementor-element elementor-element-723bd90\" data-id=\"723bd90\" data-element_type=\"column\"><div class=\"elementor-widget-wrap elementor-element-populated\"><div class=\"elementor-element elementor-element-eb5942f elementor-widget elementor-widget-text-editor\" data-id=\"eb5942f\" data-element_type=\"widget\" data-widget_type=\"text-editor.default\"><div class=\"elementor-widget-container\"><p>La gamme SAVEMAX est constitu\u00e9e de mod\u00e8les traditionnels de parachutes de secours pour le vol libre. Il existe sept mod\u00e8les, pour tous les besoins.<\/p><p>Fabriqu\u00e9s en Nylon 6.6 haute t\u00e9nacit\u00e9, un tissu sp\u00e9cifique pour la fabrication des parachutes, tous les mod\u00e8les de la gamme SAVEMAX ont un apex abaiss\u00e9 (APEX). La faible porosit\u00e9 du tissu (0-3 cfm) est conforme aux normes F-111.<\/p><p>Les suspentes sont fabriqu\u00e9s en nylon tr\u00e8s \u00e9lastique pour minimiser l\u2019impact de l\u2019ouverture. Tous sont livr\u00e9s avec un conteneur en tissu avec impr\u00e9gnation de silicone \u2013 \u00e9vitant l\u2019humidit\u00e9 et facilitant la sortie du secours de la sellette.<\/p><p>Secours est utilis\u00e9e depuis plus de 15 ans dans le monde entier, avec une grande popularit\u00e9.<\/p><\/div><\/div><\/div><\/div><\/div><\/section><section class=\"elementor-section elementor-top-section elementor-element elementor-element-2883856 elementor-section-boxed elementor-section-height-default elementor-section-height-default\" data-particle_enable=\"false\" data-particle-mobile-disabled=\"false\" data-id=\"2883856\" data-element_type=\"section\"><div class=\"elementor-container elementor-column-gap-default\"><div class=\"elementor-column elementor-col-100 elementor-top-column elementor-element elementor-element-92afe8a\" data-id=\"92afe8a\" data-element_type=\"column\"><div class=\"elementor-widget-wrap elementor-element-populated\"><div class=\"elementor-element elementor-element-5de0adc elementor-widget elementor-widget-text-editor\" data-id=\"5de0adc\" data-element_type=\"widget\" data-widget_type=\"text-editor.default\"><div class=\"elementor-widget-container\"><h2>Certification<\/h2><p>33 \u2013 AFNOR PS 2031SL<br \/>37 \u2013 AFNOR PS 2030SL\u00a0<\/p><h2>Donn\u00e9es techniques\u00a0<\/h2><table class=\"table table-condensed table-striped\" border=\"0\" cellspacing=\"1\" cellpadding=\"1\"><tbody><tr><td>\u00a0<\/td><td>Mod\u00e8les<\/td><td><strong>33 PDA<\/strong><\/td><td><strong>37 PDA<\/strong><\/td><td>\u00a0<\/td><\/tr><tr><td>\u00a0<\/td><td>Taille<\/td><td>33<\/td><td>37<\/td><td>m2<\/td><\/tr><tr><td>\u00a0<\/td><td>Nombre de panneaux<\/td><td>14<\/td><td>16<\/td><td>\u00a0<\/td><\/tr><tr><td>\u00a0<\/td><td>TC<\/td><td rowspan=\"1\">4,91<\/td><td rowspan=\"1\">4,3<\/td><td>m\/s<\/td><\/tr><tr><td>\u00a0<\/td><td>Poids minimum<\/td><td rowspan=\"1\">60<\/td><td rowspan=\"1\">75<\/td><td>kg<\/td><\/tr><tr><td>\u00a0<\/td><td>Poids maximum<\/td><td rowspan=\"1\">110<\/td><td rowspan=\"1\">125<\/td><td>kg<\/td><\/tr><tr><td>\u00a0<\/td><td>Poids du secours<\/td><td rowspan=\"1\">1,9<\/td><td rowspan=\"1\">2,2<\/td><td>kg<\/td><\/tr><tr><td>\u00a0<\/td><td>Certification<\/td><td rowspan=\"1\">PS2031SL<\/td><td rowspan=\"1\">PS2031SL<\/td><td>\u00a0<\/td><\/tr><\/tbody><\/table><\/div><\/div><\/div><\/div><\/div><\/section>\t\t\t\t\t\t\t\t<\/div>\n\t\t\t\t<\/div>\n\t\t\t\t\t<\/div>\n\t\t\t\t<\/div>\n\t\t<div class=\"elementor-element elementor-element-fd9914e e-flex e-con-boxed e-con e-parent\" data-id=\"fd9914e\" data-element_type=\"container\" data-e-type=\"container\">\n\t\t\t\t\t<div class=\"e-con-inner\">\n\t\t\t\t<div class=\"elementor-element elementor-element-76176c5 elementor-widget elementor-widget-text-editor\" data-id=\"76176c5\" data-element_type=\"widget\" data-e-type=\"widget\" data-widget_type=\"text-editor.default\">\n\t\t\t\t<div class=\"elementor-widget-container\">\n\t\t\t\t\t\t\t\t\t<h4>Instructions de pliage<\/h4>\t\t\t\t\t\t\t\t<\/div>\n\t\t\t\t<\/div>\n\t\t\t\t\t<\/div>\n\t\t\t\t<\/div>\n\t\t<div class=\"elementor-element elementor-element-47d0a7d e-flex e-con-boxed e-con e-parent\" data-id=\"47d0a7d\" data-element_type=\"container\" data-e-type=\"container\">\n\t\t\t\t\t<div class=\"e-con-inner\">\n\t\t\t\t<div class=\"elementor-element elementor-element-db16788 elementor-widget elementor-widget-video\" data-id=\"db16788\" data-element_type=\"widget\" data-e-type=\"widget\" data-settings=\"{&quot;youtube_url&quot;:&quot;https:\\\/\\\/youtu.be\\\/qJ-JMhNOweY&quot;,&quot;video_type&quot;:&quot;youtube&quot;,&quot;controls&quot;:&quot;yes&quot;}\" data-widget_type=\"video.default\">\n\t\t\t\t<div class=\"elementor-widget-container\">\n\t\t\t\t\t\t\t<div class=\"elementor-wrapper elementor-open-inline\">\n\t\t\t<div class=\"elementor-video\"><\/div>\t\t<\/div>\n\t\t\t\t\t\t<\/div>\n\t\t\t\t<\/div>\n\t\t\t\t\t<\/div>\n\t\t\t\t<\/div>\n\t\t<div class=\"elementor-element elementor-element-8353166 e-flex e-con-boxed e-con e-parent\" data-id=\"8353166\" data-element_type=\"container\" data-e-type=\"container\">\n\t\t\t\t\t<div class=\"e-con-inner\">\n\t\t\t\t<div class=\"elementor-element elementor-element-bd1064a elementor-widget elementor-widget-text-editor\" data-id=\"bd1064a\" data-element_type=\"widget\" data-e-type=\"widget\" data-widget_type=\"text-editor.default\">\n\t\t\t\t<div class=\"elementor-widget-container\">\n\t\t\t\t\t\t\t\t\t<h2>Downloads<\/h2><p>\u00a0 \u00a0 \u00a0 \u00a0 \u00a0 \u00a0 \u00a0 \u00a0 \u00a0 \u00a0 \u00a0 \u00a0 \u00a0 \u00a0 \u00a0 \u00a0 \u00a0 \u00a0 \u00a0 \u00a0 \u00a0 \u00a0 \u00a0 \u00a0 \u00a0 \u00a0 \u00a0 \u00a0 \u00a0 \u00a0 \u00a0 \u00a0 \u00a0 <a class=\"btn btn-danger\" href=\"https:\/\/www.solparagliders.com.br\/userfiles\/files\/manuais\/manual_reserva_savemax_pt-en.pdf\" target=\"_blank\" rel=\"noopener\">Manuel<\/a>\u00a0 \u00a0\u00a0\u00a0<a class=\"btn btn-warning\" href=\"https:\/\/www.solparagliders.com.br\/userfiles\/files\/infos\/info-reserva.pdf\" target=\"_blank\" rel=\"noopener\">Info<\/a>\u00a0 \u00a0\u00a0<a class=\"btn btn-danger\" href=\"https:\/\/www.solparagliders.com.br\/garantia-reserva\" target=\"_blank\" rel=\"noopener\">\u00a0Garantie<\/a><\/p>\t\t\t\t\t\t\t\t<\/div>\n\t\t\t\t<\/div>\n\t\t\t\t\t<\/div>\n\t\t\t\t<\/div>\n\t\t\t\t<\/div>\n\t\t","protected":false},"excerpt":{"rendered":"<p>Savemax\u00a033\u00a0\/\u00a037\u00a0 La gamme SAVEMAX est constitu\u00e9e de mod\u00e8les traditionnels de parachutes de secours pour le vol libre. Il existe sept mod\u00e8les, pour tous les besoins. Fabriqu\u00e9s en Nylon 6.6 haute t\u00e9nacit\u00e9, un tissu sp\u00e9cifique pour la fabrication des parachutes, tous les mod\u00e8les de la gamme SAVEMAX ont un apex abaiss\u00e9 (APEX). La faible porosit\u00e9 du [&hellip;]<\/p>\n","protected":false},"author":1,"featured_media":0,"parent":0,"menu_order":0,"comment_status":"closed","ping_status":"closed","template":"","meta":{"cybocfi_hide_featured_image":"","footnotes":""},"class_list":["post-3824","page","type-page","status-publish","hentry"],"aioseo_notices":[],"_links":{"self":[{"href":"https:\/\/www.solfrance.fr\/ailes-paramoteur\/wp-json\/wp\/v2\/pages\/3824","targetHints":{"allow":["GET"]}}],"collection":[{"href":"https:\/\/www.solfrance.fr\/ailes-paramoteur\/wp-json\/wp\/v2\/pages"}],"about":[{"href":"https:\/\/www.solfrance.fr\/ailes-paramoteur\/wp-json\/wp\/v2\/types\/page"}],"author":[{"embeddable":true,"href":"https:\/\/www.solfrance.fr\/ailes-paramoteur\/wp-json\/wp\/v2\/users\/1"}],"replies":[{"embeddable":true,"href":"https:\/\/www.solfrance.fr\/ailes-paramoteur\/wp-json\/wp\/v2\/comments?post=3824"}],"version-history":[{"count":7,"href":"https:\/\/www.solfrance.fr\/ailes-paramoteur\/wp-json\/wp\/v2\/pages\/3824\/revisions"}],"predecessor-version":[{"id":5041,"href":"https:\/\/www.solfrance.fr\/ailes-paramoteur\/wp-json\/wp\/v2\/pages\/3824\/revisions\/5041"}],"wp:attachment":[{"href":"https:\/\/www.solfrance.fr\/ailes-paramoteur\/wp-json\/wp\/v2\/media?parent=3824"}],"curies":[{"name":"wp","href":"https:\/\/api.w.org\/{rel}","templated":true}]}}