{"id":3898,"date":"2025-02-25T16:40:14","date_gmt":"2025-02-25T16:40:14","guid":{"rendered":"https:\/\/www.youcanfly.fr\/ailes-paramoteur\/?page_id=3898"},"modified":"2026-02-13T19:01:57","modified_gmt":"2026-02-13T19:01:57","slug":"logos-personnalises","status":"publish","type":"page","link":"https:\/\/www.solfrance.fr\/ailes-paramoteur\/logos-personnalises\/","title":{"rendered":"Logos personnalis\u00e9s"},"content":{"rendered":"\t\t<div data-elementor-type=\"wp-page\" data-elementor-id=\"3898\" class=\"elementor elementor-3898\" data-elementor-post-type=\"page\">\n\t\t\t\t<div class=\"elementor-element elementor-element-c662f4d e-con-full e-flex e-con e-parent\" data-id=\"c662f4d\" data-element_type=\"container\" data-e-type=\"container\">\n\t\t\t\t<div class=\"elementor-element elementor-element-6419453 elementor-widget elementor-widget-image\" data-id=\"6419453\" data-element_type=\"widget\" data-e-type=\"widget\" data-widget_type=\"image.default\">\n\t\t\t\t<div class=\"elementor-widget-container\">\n\t\t\t\t\t\t\t\t\t\t\t\t\t\t\t<img fetchpriority=\"high\" decoding=\"async\" width=\"1921\" height=\"892\" src=\"https:\/\/www.solfrance.fr\/ailes-paramoteur\/wp-content\/uploads\/sites\/3\/2025\/02\/270.jpg\" class=\"attachment-full size-full wp-image-3900\" alt=\"\" srcset=\"https:\/\/www.solfrance.fr\/ailes-paramoteur\/wp-content\/uploads\/sites\/3\/2025\/02\/270.jpg 1921w, https:\/\/www.solfrance.fr\/ailes-paramoteur\/wp-content\/uploads\/sites\/3\/2025\/02\/270-300x139.jpg 300w, https:\/\/www.solfrance.fr\/ailes-paramoteur\/wp-content\/uploads\/sites\/3\/2025\/02\/270-1024x475.jpg 1024w, https:\/\/www.solfrance.fr\/ailes-paramoteur\/wp-content\/uploads\/sites\/3\/2025\/02\/270-768x357.jpg 768w, https:\/\/www.solfrance.fr\/ailes-paramoteur\/wp-content\/uploads\/sites\/3\/2025\/02\/270-1536x713.jpg 1536w\" sizes=\"(max-width: 1921px) 100vw, 1921px\" \/>\t\t\t\t\t\t\t\t\t\t\t\t\t\t\t<\/div>\n\t\t\t\t<\/div>\n\t\t\t\t<\/div>\n\t\t<div class=\"elementor-element elementor-element-476a0fe e-flex e-con-boxed e-con e-parent\" data-id=\"476a0fe\" data-element_type=\"container\" data-e-type=\"container\">\n\t\t\t\t\t<div class=\"e-con-inner\">\n\t\t\t\t<div class=\"elementor-element elementor-element-01b53d5 elementor-widget elementor-widget-text-editor\" data-id=\"01b53d5\" data-element_type=\"widget\" data-e-type=\"widget\" data-widget_type=\"text-editor.default\">\n\t\t\t\t<div class=\"elementor-widget-container\">\n\t\t\t\t\t\t\t\t\t<h2>Personnalisez de votre voile avec un logo<\/h2><p>Depuis 1993, SOL offre \u00e0 ses clients le service de pose d&rsquo;autocollants promotionnels. Afin de conserver les caract\u00e9ristiques de la certification du parapente, nous sugg\u00e9rons que l&rsquo;\u0153uvre d&rsquo;art ne couvre pas plus de 4 m2, limitant ainsi le poids suppl\u00e9mentaire ajout\u00e9.<\/p><p>Proc\u00e9dure pour un devis d&rsquo;autocollant :<\/p><p>&#8211; Envoyez la maquette en vecteur et en courbes, dans des fichiers pouvant \u00eatre sauvegard\u00e9s en PDF, CorelDraw ou Illustrator.<br \/>&#8211; Indiquez-nous le mod\u00e8le de parapente SOL, la taille et la couleur du tissu sur lequel l&rsquo;autocollant sera appliqu\u00e9.<\/p><p><br \/>Envoyez ces informations ainsi que votre num\u00e9ro de t\u00e9l\u00e9phone avec l&rsquo;indicatif r\u00e9gional \u00e0 info@solfrance.fr &#8211; Sujet: Logos personnalis\u00e9s<\/p>\t\t\t\t\t\t\t\t<\/div>\n\t\t\t\t<\/div>\n\t\t\t\t\t<\/div>\n\t\t\t\t<\/div>\n\t\t<div class=\"elementor-element elementor-element-b614746 e-con-full e-flex e-con e-parent\" data-id=\"b614746\" data-element_type=\"container\" data-e-type=\"container\">\n\t\t\t\t<div class=\"elementor-element elementor-element-9236c14 elementor-widget elementor-widget-image\" data-id=\"9236c14\" data-element_type=\"widget\" data-e-type=\"widget\" data-widget_type=\"image.default\">\n\t\t\t\t<div class=\"elementor-widget-container\">\n\t\t\t\t\t\t\t\t\t\t\t\t\t\t\t<img decoding=\"async\" width=\"1921\" height=\"892\" src=\"https:\/\/www.solfrance.fr\/ailes-paramoteur\/wp-content\/uploads\/sites\/3\/2025\/02\/Banner-inferior.jpg\" class=\"attachment-full size-full wp-image-3901\" alt=\"\" srcset=\"https:\/\/www.solfrance.fr\/ailes-paramoteur\/wp-content\/uploads\/sites\/3\/2025\/02\/Banner-inferior.jpg 1921w, https:\/\/www.solfrance.fr\/ailes-paramoteur\/wp-content\/uploads\/sites\/3\/2025\/02\/Banner-inferior-300x139.jpg 300w, https:\/\/www.solfrance.fr\/ailes-paramoteur\/wp-content\/uploads\/sites\/3\/2025\/02\/Banner-inferior-1024x475.jpg 1024w, https:\/\/www.solfrance.fr\/ailes-paramoteur\/wp-content\/uploads\/sites\/3\/2025\/02\/Banner-inferior-768x357.jpg 768w, https:\/\/www.solfrance.fr\/ailes-paramoteur\/wp-content\/uploads\/sites\/3\/2025\/02\/Banner-inferior-1536x713.jpg 1536w\" sizes=\"(max-width: 1921px) 100vw, 1921px\" \/>\t\t\t\t\t\t\t\t\t\t\t\t\t\t\t<\/div>\n\t\t\t\t<\/div>\n\t\t\t\t<\/div>\n\t\t\t\t<\/div>\n\t\t","protected":false},"excerpt":{"rendered":"<p>Personnalisez de votre voile avec un logo Depuis 1993, SOL offre \u00e0 ses clients le service de pose d&rsquo;autocollants promotionnels. Afin de conserver les caract\u00e9ristiques de la certification du parapente, nous sugg\u00e9rons que l&rsquo;\u0153uvre d&rsquo;art ne couvre pas plus de 4 m2, limitant ainsi le poids suppl\u00e9mentaire ajout\u00e9. Proc\u00e9dure pour un devis d&rsquo;autocollant : &#8211; [&hellip;]<\/p>\n","protected":false},"author":1,"featured_media":0,"parent":0,"menu_order":0,"comment_status":"closed","ping_status":"closed","template":"","meta":{"cybocfi_hide_featured_image":"","footnotes":""},"class_list":["post-3898","page","type-page","status-publish","hentry"],"aioseo_notices":[],"_links":{"self":[{"href":"https:\/\/www.solfrance.fr\/ailes-paramoteur\/wp-json\/wp\/v2\/pages\/3898","targetHints":{"allow":["GET"]}}],"collection":[{"href":"https:\/\/www.solfrance.fr\/ailes-paramoteur\/wp-json\/wp\/v2\/pages"}],"about":[{"href":"https:\/\/www.solfrance.fr\/ailes-paramoteur\/wp-json\/wp\/v2\/types\/page"}],"author":[{"embeddable":true,"href":"https:\/\/www.solfrance.fr\/ailes-paramoteur\/wp-json\/wp\/v2\/users\/1"}],"replies":[{"embeddable":true,"href":"https:\/\/www.solfrance.fr\/ailes-paramoteur\/wp-json\/wp\/v2\/comments?post=3898"}],"version-history":[{"count":7,"href":"https:\/\/www.solfrance.fr\/ailes-paramoteur\/wp-json\/wp\/v2\/pages\/3898\/revisions"}],"predecessor-version":[{"id":5020,"href":"https:\/\/www.solfrance.fr\/ailes-paramoteur\/wp-json\/wp\/v2\/pages\/3898\/revisions\/5020"}],"wp:attachment":[{"href":"https:\/\/www.solfrance.fr\/ailes-paramoteur\/wp-json\/wp\/v2\/media?parent=3898"}],"curies":[{"name":"wp","href":"https:\/\/api.w.org\/{rel}","templated":true}]}}