{"id":4237,"date":"2025-03-01T19:04:18","date_gmt":"2025-03-01T19:04:18","guid":{"rendered":"https:\/\/www.youcanfly.fr\/ailes-paramoteur\/?page_id=4237"},"modified":"2026-02-13T18:55:55","modified_gmt":"2026-02-13T18:55:55","slug":"evolution-2","status":"publish","type":"page","link":"https:\/\/www.solfrance.fr\/ailes-paramoteur\/evolution-2\/","title":{"rendered":"Evolution 2"},"content":{"rendered":"\t\t<div data-elementor-type=\"wp-page\" data-elementor-id=\"4237\" class=\"elementor elementor-4237\" data-elementor-post-type=\"page\">\n\t\t\t\t<div class=\"elementor-element elementor-element-7bb0587 e-con-full e-flex e-con e-parent\" data-id=\"7bb0587\" data-element_type=\"container\" data-e-type=\"container\">\n\t\t\t\t<div class=\"elementor-element elementor-element-a871d59 elementor-widget elementor-widget-image\" data-id=\"a871d59\" data-element_type=\"widget\" data-e-type=\"widget\" data-widget_type=\"image.default\">\n\t\t\t\t<div class=\"elementor-widget-container\">\n\t\t\t\t\t\t\t\t\t\t\t\t\t\t\t<img fetchpriority=\"high\" decoding=\"async\" width=\"1300\" height=\"568\" src=\"https:\/\/www.solfrance.fr\/ailes-paramoteur\/wp-content\/uploads\/sites\/3\/2025\/03\/Banner-e-post-Lancamento-Evolution2-ATUALIZADO.jpg\" class=\"attachment-full size-full wp-image-4239\" alt=\"\" srcset=\"https:\/\/www.solfrance.fr\/ailes-paramoteur\/wp-content\/uploads\/sites\/3\/2025\/03\/Banner-e-post-Lancamento-Evolution2-ATUALIZADO.jpg 1300w, https:\/\/www.solfrance.fr\/ailes-paramoteur\/wp-content\/uploads\/sites\/3\/2025\/03\/Banner-e-post-Lancamento-Evolution2-ATUALIZADO-300x131.jpg 300w, https:\/\/www.solfrance.fr\/ailes-paramoteur\/wp-content\/uploads\/sites\/3\/2025\/03\/Banner-e-post-Lancamento-Evolution2-ATUALIZADO-1024x447.jpg 1024w, https:\/\/www.solfrance.fr\/ailes-paramoteur\/wp-content\/uploads\/sites\/3\/2025\/03\/Banner-e-post-Lancamento-Evolution2-ATUALIZADO-768x336.jpg 768w\" sizes=\"(max-width: 1300px) 100vw, 1300px\" \/>\t\t\t\t\t\t\t\t\t\t\t\t\t\t\t<\/div>\n\t\t\t\t<\/div>\n\t\t\t\t<\/div>\n\t\t<div class=\"elementor-element elementor-element-9d56298 e-flex e-con-boxed e-con e-parent\" data-id=\"9d56298\" data-element_type=\"container\" data-e-type=\"container\">\n\t\t\t\t\t<div class=\"e-con-inner\">\n\t\t\t\t<div class=\"elementor-element elementor-element-c1a1f40 elementor-widget elementor-widget-text-editor\" data-id=\"c1a1f40\" data-element_type=\"widget\" data-e-type=\"widget\" data-widget_type=\"text-editor.default\">\n\t\t\t\t<div class=\"elementor-widget-container\">\n\t\t\t\t\t\t\t\t\t<h1>Sellette paramoteur Evolution 2<\/h1><p>La sellette Comfort Evolution 2 est le r\u00e9sultat de l\u2019\u00e9volution, des informations et des nouveaux besoins des pilotes. Avec deux tailles, il devient plus confortable et a moins de poids gr\u00e2ce \u00e0 l\u2019optimisation des coutures et aux nouveaux mat\u00e9riaux.<\/p><p>Elle a toujours le m\u00eame caract\u00e8re pratique et la m\u00eame compatibilit\u00e9. Le si\u00e8ge peut \u00eatre utilis\u00e9 sur diff\u00e9rents types de ch\u00e2ssis car il dispose de plusieurs points d\u2019ancrage.<br \/>Satisfaction et s\u00e9curit\u00e9 dans toutes les phases du vol. Ce si\u00e8ge s\u2019adresse \u00e0 de nombreux types de pilotes, quel que soit leur objectif XC ou de loisir. Le si\u00e8ge Comfort Evolution 2 est votre meilleur choix<\/p><h4><strong>Nouveaut\u00e9s<\/strong><\/h4><ul><li>Harnais plus fin<\/li><li>Nouvelle boucle de poitrine, offrant plus de fermet\u00e9 pour les \u00e9paules et plus de s\u00e9curit\u00e9 au moment du d\u00e9collage<\/li><li>Retrait du mat\u00e9riau excessif des sangles<\/li><li>Nouvelle poche de rangement avec fermeture \u00e0 glissi\u00e8re lat\u00e9rale, permettant un acc\u00e8s en vol sans risquer de perdre le contr\u00f4le du pilotage<\/li><li>Nouveaux points d\u2019ancrage pour le container et\/ou le parachute de secours<\/li><\/ul><div><h4><strong>Tailles<\/strong><\/h4><p><strong>S\/M\u00a0<\/strong>et<strong>\u00a0L\/XL<\/strong><\/p><p><img decoding=\"async\" class=\"alignnone wp-image-4240 size-full\" src=\"https:\/\/www.youcanfly.fr\/ailes-paramoteur\/wp-content\/uploads\/sites\/3\/2025\/03\/EVOLUTION-2-Tabela-Peso-x-Altura-BR-EN-DE-scaled.jpg\" alt=\"\" width=\"2560\" height=\"624\" srcset=\"https:\/\/www.solfrance.fr\/ailes-paramoteur\/wp-content\/uploads\/sites\/3\/2025\/03\/EVOLUTION-2-Tabela-Peso-x-Altura-BR-EN-DE-scaled.jpg 2560w, https:\/\/www.solfrance.fr\/ailes-paramoteur\/wp-content\/uploads\/sites\/3\/2025\/03\/EVOLUTION-2-Tabela-Peso-x-Altura-BR-EN-DE-300x73.jpg 300w, https:\/\/www.solfrance.fr\/ailes-paramoteur\/wp-content\/uploads\/sites\/3\/2025\/03\/EVOLUTION-2-Tabela-Peso-x-Altura-BR-EN-DE-1024x249.jpg 1024w, https:\/\/www.solfrance.fr\/ailes-paramoteur\/wp-content\/uploads\/sites\/3\/2025\/03\/EVOLUTION-2-Tabela-Peso-x-Altura-BR-EN-DE-768x187.jpg 768w, https:\/\/www.solfrance.fr\/ailes-paramoteur\/wp-content\/uploads\/sites\/3\/2025\/03\/EVOLUTION-2-Tabela-Peso-x-Altura-BR-EN-DE-1536x374.jpg 1536w, https:\/\/www.solfrance.fr\/ailes-paramoteur\/wp-content\/uploads\/sites\/3\/2025\/03\/EVOLUTION-2-Tabela-Peso-x-Altura-BR-EN-DE-2048x499.jpg 2048w\" sizes=\"(max-width: 2560px) 100vw, 2560px\" \/><\/p><h4><strong>Couleurs<\/strong><\/h4><div><strong>Unique<\/strong><\/div><\/div><h4><strong>Caract\u00e9ristiques<\/strong><\/h4><ul><li>Support en demi-lune utilis\u00e9 pour fixer un porte-instruments ou un r\u00e9servoir suppl\u00e9mentaire<\/li><li>Deux syst\u00e8mes de contr\u00f4le des si\u00e8ges<\/li><li>Syst\u00e8me d\u2019acc\u00e9l\u00e9rateur innovant permettant un positionnement parfait du ch\u00e2ssis en vol<\/li><li>Bande de r\u00e9partition du poids, augmentant la r\u00e9sistance du pilote \u00e0 avoir le moteur sur son dos<\/li><li>Ancrage innovant des jambes permettant un meilleur d\u00e9collage, un meilleur atterrissage et un meilleur contr\u00f4le du moteur au sol<\/li><li>Poche suppl\u00e9mentaire et amovible de plus grand volume, pouvant \u00eatre remplac\u00e9e par un compartiment de rechange ;<\/li><li>Sangle de\u00a0 poitrine avec un contr\u00f4le de la hauteur plus fort et avec un sifflet pour alerter en cas de probl\u00e8me<\/li><li>\u00c9paules coup\u00e9es de fa\u00e7on anatomique pour un confort et un design moderne.<\/li><li>Installation de la bride et de l\u2019\u00e9lastique pour la poign\u00e9e du moteur.<\/li><li>Syst\u00e8me d\u2019ancrage de la voile.<\/li><li>Carte d\u2019extension<\/li><li>Poche de rangement sous le si\u00e8ge avec fermeture \u00e9clair sur le c\u00f4t\u00e9<\/li><li>R\u00e9glage de la hauteur du si\u00e8ge permettant une adaptation parfaite entre l\u2019ancrage des \u00e9paules, l\u2019ancrage de la sellette et l\u2019ancrage des bras du ch\u00e2ssis<\/li><li>R\u00e9glage lombaire \u00e0 l\u2019avant prot\u00e9geant le contact avec le ch\u00e2ssis<\/li><li>Protection dorsale contre les vibrations et les picotements<\/li><li>Protection des \u00e9l\u00e9vateurs de secours<\/li><li>Points d\u2019ancrage aux \u00e9paules avec des dimensions allant de 16 cm \u00e0 21 cm<\/li><\/ul>\t\t\t\t\t\t\t\t<\/div>\n\t\t\t\t<\/div>\n\t\t\t\t\t<\/div>\n\t\t\t\t<\/div>\n\t\t<div class=\"elementor-element elementor-element-611654c e-flex e-con-boxed e-con e-parent\" data-id=\"611654c\" data-element_type=\"container\" data-e-type=\"container\">\n\t\t\t\t\t<div class=\"e-con-inner\">\n\t\t\t\t<div class=\"elementor-element elementor-element-4a99f36 elementor-widget elementor-widget-gallery\" data-id=\"4a99f36\" data-element_type=\"widget\" data-e-type=\"widget\" data-settings=\"{&quot;columns&quot;:5,&quot;lazyload&quot;:&quot;yes&quot;,&quot;gallery_layout&quot;:&quot;grid&quot;,&quot;columns_tablet&quot;:2,&quot;columns_mobile&quot;:1,&quot;gap&quot;:{&quot;unit&quot;:&quot;px&quot;,&quot;size&quot;:10,&quot;sizes&quot;:[]},&quot;gap_tablet&quot;:{&quot;unit&quot;:&quot;px&quot;,&quot;size&quot;:10,&quot;sizes&quot;:[]},&quot;gap_mobile&quot;:{&quot;unit&quot;:&quot;px&quot;,&quot;size&quot;:10,&quot;sizes&quot;:[]},&quot;link_to&quot;:&quot;file&quot;,&quot;aspect_ratio&quot;:&quot;3:2&quot;,&quot;overlay_background&quot;:&quot;yes&quot;,&quot;content_hover_animation&quot;:&quot;fade-in&quot;}\" data-widget_type=\"gallery.default\">\n\t\t\t\t<div class=\"elementor-widget-container\">\n\t\t\t\t\t\t\t<div class=\"elementor-gallery__container\">\n\t\t\t\t\t\t\t<a class=\"e-gallery-item elementor-gallery-item elementor-animated-content\" href=\"https:\/\/www.solfrance.fr\/ailes-paramoteur\/wp-content\/uploads\/sites\/3\/2025\/03\/74_2082.jpg\" data-elementor-open-lightbox=\"yes\" data-elementor-lightbox-slideshow=\"4a99f36\" data-elementor-lightbox-title=\"74_2082\" data-e-action-hash=\"#elementor-action%3Aaction%3Dlightbox%26settings%3DeyJpZCI6NDI0MSwidXJsIjoiaHR0cHM6XC9cL3d3dy5zb2xmcmFuY2UuZnJcL2FpbGVzLXBhcmFtb3RldXJcL3dwLWNvbnRlbnRcL3VwbG9hZHNcL3NpdGVzXC8zXC8yMDI1XC8wM1wvNzRfMjA4Mi5qcGciLCJzbGlkZXNob3ciOiI0YTk5ZjM2In0%3D\">\n\t\t\t\t\t<div class=\"e-gallery-image elementor-gallery-item__image\" data-thumbnail=\"https:\/\/www.solfrance.fr\/ailes-paramoteur\/wp-content\/uploads\/sites\/3\/2025\/03\/74_2082-300x300.jpg\" data-width=\"300\" data-height=\"300\" aria-label=\"\" role=\"img\" ><\/div>\n\t\t\t\t\t\t\t\t\t\t\t<div class=\"elementor-gallery-item__overlay\"><\/div>\n\t\t\t\t\t\t\t\t\t\t\t\t\t\t<\/a>\n\t\t\t\t\t\t\t<a class=\"e-gallery-item elementor-gallery-item elementor-animated-content\" href=\"https:\/\/www.solfrance.fr\/ailes-paramoteur\/wp-content\/uploads\/sites\/3\/2025\/03\/74_2083.jpg\" data-elementor-open-lightbox=\"yes\" data-elementor-lightbox-slideshow=\"4a99f36\" data-elementor-lightbox-title=\"74_2083\" data-e-action-hash=\"#elementor-action%3Aaction%3Dlightbox%26settings%3DeyJpZCI6NDI0MiwidXJsIjoiaHR0cHM6XC9cL3d3dy5zb2xmcmFuY2UuZnJcL2FpbGVzLXBhcmFtb3RldXJcL3dwLWNvbnRlbnRcL3VwbG9hZHNcL3NpdGVzXC8zXC8yMDI1XC8wM1wvNzRfMjA4My5qcGciLCJzbGlkZXNob3ciOiI0YTk5ZjM2In0%3D\">\n\t\t\t\t\t<div class=\"e-gallery-image elementor-gallery-item__image\" data-thumbnail=\"https:\/\/www.solfrance.fr\/ailes-paramoteur\/wp-content\/uploads\/sites\/3\/2025\/03\/74_2083-300x300.jpg\" data-width=\"300\" data-height=\"300\" aria-label=\"\" role=\"img\" ><\/div>\n\t\t\t\t\t\t\t\t\t\t\t<div class=\"elementor-gallery-item__overlay\"><\/div>\n\t\t\t\t\t\t\t\t\t\t\t\t\t\t<\/a>\n\t\t\t\t\t\t\t<a class=\"e-gallery-item elementor-gallery-item elementor-animated-content\" href=\"https:\/\/www.solfrance.fr\/ailes-paramoteur\/wp-content\/uploads\/sites\/3\/2025\/03\/74_2084.jpg\" data-elementor-open-lightbox=\"yes\" data-elementor-lightbox-slideshow=\"4a99f36\" data-elementor-lightbox-title=\"74_2084\" data-e-action-hash=\"#elementor-action%3Aaction%3Dlightbox%26settings%3DeyJpZCI6NDI0MywidXJsIjoiaHR0cHM6XC9cL3d3dy5zb2xmcmFuY2UuZnJcL2FpbGVzLXBhcmFtb3RldXJcL3dwLWNvbnRlbnRcL3VwbG9hZHNcL3NpdGVzXC8zXC8yMDI1XC8wM1wvNzRfMjA4NC5qcGciLCJzbGlkZXNob3ciOiI0YTk5ZjM2In0%3D\">\n\t\t\t\t\t<div class=\"e-gallery-image elementor-gallery-item__image\" data-thumbnail=\"https:\/\/www.solfrance.fr\/ailes-paramoteur\/wp-content\/uploads\/sites\/3\/2025\/03\/74_2084-300x300.jpg\" data-width=\"300\" data-height=\"300\" aria-label=\"\" role=\"img\" ><\/div>\n\t\t\t\t\t\t\t\t\t\t\t<div class=\"elementor-gallery-item__overlay\"><\/div>\n\t\t\t\t\t\t\t\t\t\t\t\t\t\t<\/a>\n\t\t\t\t\t\t\t<a class=\"e-gallery-item elementor-gallery-item elementor-animated-content\" href=\"https:\/\/www.solfrance.fr\/ailes-paramoteur\/wp-content\/uploads\/sites\/3\/2025\/03\/74_2085.jpg\" data-elementor-open-lightbox=\"yes\" data-elementor-lightbox-slideshow=\"4a99f36\" data-elementor-lightbox-title=\"74_2085\" data-e-action-hash=\"#elementor-action%3Aaction%3Dlightbox%26settings%3DeyJpZCI6NDI0NCwidXJsIjoiaHR0cHM6XC9cL3d3dy5zb2xmcmFuY2UuZnJcL2FpbGVzLXBhcmFtb3RldXJcL3dwLWNvbnRlbnRcL3VwbG9hZHNcL3NpdGVzXC8zXC8yMDI1XC8wM1wvNzRfMjA4NS5qcGciLCJzbGlkZXNob3ciOiI0YTk5ZjM2In0%3D\">\n\t\t\t\t\t<div class=\"e-gallery-image elementor-gallery-item__image\" data-thumbnail=\"https:\/\/www.solfrance.fr\/ailes-paramoteur\/wp-content\/uploads\/sites\/3\/2025\/03\/74_2085-300x300.jpg\" data-width=\"300\" data-height=\"300\" aria-label=\"\" role=\"img\" ><\/div>\n\t\t\t\t\t\t\t\t\t\t\t<div class=\"elementor-gallery-item__overlay\"><\/div>\n\t\t\t\t\t\t\t\t\t\t\t\t\t\t<\/a>\n\t\t\t\t\t\t\t<a class=\"e-gallery-item elementor-gallery-item elementor-animated-content\" href=\"https:\/\/www.solfrance.fr\/ailes-paramoteur\/wp-content\/uploads\/sites\/3\/2025\/03\/74_2086.jpg\" data-elementor-open-lightbox=\"yes\" data-elementor-lightbox-slideshow=\"4a99f36\" data-elementor-lightbox-title=\"74_2086\" data-e-action-hash=\"#elementor-action%3Aaction%3Dlightbox%26settings%3DeyJpZCI6NDI0NSwidXJsIjoiaHR0cHM6XC9cL3d3dy5zb2xmcmFuY2UuZnJcL2FpbGVzLXBhcmFtb3RldXJcL3dwLWNvbnRlbnRcL3VwbG9hZHNcL3NpdGVzXC8zXC8yMDI1XC8wM1wvNzRfMjA4Ni5qcGciLCJzbGlkZXNob3ciOiI0YTk5ZjM2In0%3D\">\n\t\t\t\t\t<div class=\"e-gallery-image elementor-gallery-item__image\" data-thumbnail=\"https:\/\/www.solfrance.fr\/ailes-paramoteur\/wp-content\/uploads\/sites\/3\/2025\/03\/74_2086-300x300.jpg\" data-width=\"300\" data-height=\"300\" aria-label=\"\" role=\"img\" ><\/div>\n\t\t\t\t\t\t\t\t\t\t\t<div class=\"elementor-gallery-item__overlay\"><\/div>\n\t\t\t\t\t\t\t\t\t\t\t\t\t\t<\/a>\n\t\t\t\t\t<\/div>\n\t\t\t\t\t<\/div>\n\t\t\t\t<\/div>\n\t\t\t\t\t<\/div>\n\t\t\t\t<\/div>\n\t\t<div class=\"elementor-element elementor-element-92d8735 e-flex e-con-boxed e-con e-parent\" data-id=\"92d8735\" data-element_type=\"container\" data-e-type=\"container\">\n\t\t\t\t\t<div class=\"e-con-inner\">\n\t\t\t\t<div class=\"elementor-element elementor-element-5db0a82 elementor-widget elementor-widget-text-editor\" data-id=\"5db0a82\" data-element_type=\"widget\" data-e-type=\"widget\" data-widget_type=\"text-editor.default\">\n\t\t\t\t<div class=\"elementor-widget-container\">\n\t\t\t\t\t\t\t\t\t<h4><strong>Compatibilit\u00e9<\/strong><\/h4><table border=\"0\"><tbody><tr><td><strong>Chassis compatible<\/strong><\/td><\/tr><tr><td><img decoding=\"async\" class=\"aligncenter\" src=\"\/wp-content\/uploads\/sites\/3\/2025\/03\/assentopontoalto_braco_movel.jpg\" alt=\"\" width=\"717\" height=\"682\" \/><br \/>Swing Arms<\/td><\/tr><\/tbody><\/table><table border=\"0\"><tbody><tr><td>Pilot suspension<\/td><\/tr><tr><td><img loading=\"lazy\" decoding=\"async\" src=\"\/wp-content\/uploads\/sites\/3\/2025\/03\/baixa.jpg\" alt=\"\" width=\"400\" height=\"234\" \/><br \/>Low<\/td><td><img loading=\"lazy\" decoding=\"async\" src=\"\/wp-content\/uploads\/sites\/3\/2025\/03\/media.jpg\" alt=\"\" width=\"400\" height=\"239\" \/><br \/>Middle<\/td><\/tr><\/tbody><\/table><p>\u00a0Remarque : la sangle et le mousqueton sont donn\u00e9s \u00e0 titre d&rsquo;illustration et ne sont pas fournis avec le paramoteur \u00e0 harnais.<\/p><table border=\"0\"><tbody><tr><td colspan=\"2\">Chassis suspension<\/td><\/tr><tr><td><p><img loading=\"lazy\" decoding=\"async\" class=\"alignnone size-full wp-image-4250\" src=\"https:\/\/www.youcanfly.fr\/ailes-paramoteur\/wp-content\/uploads\/sites\/3\/2025\/03\/assentopontoalto_ancoragemchassisup.jpg\" alt=\"\" width=\"499\" height=\"298\" srcset=\"https:\/\/www.solfrance.fr\/ailes-paramoteur\/wp-content\/uploads\/sites\/3\/2025\/03\/assentopontoalto_ancoragemchassisup.jpg 499w, https:\/\/www.solfrance.fr\/ailes-paramoteur\/wp-content\/uploads\/sites\/3\/2025\/03\/assentopontoalto_ancoragemchassisup-300x179.jpg 300w\" sizes=\"(max-width: 499px) 100vw, 499px\" \/><\/p><p>Top<\/p><\/td><td><p><img loading=\"lazy\" decoding=\"async\" class=\"alignnone size-full wp-image-4249\" src=\"https:\/\/www.youcanfly.fr\/ailes-paramoteur\/wp-content\/uploads\/sites\/3\/2025\/03\/assentopontoalto_ancoragemchassiinf.jpg\" alt=\"\" width=\"350\" height=\"499\" srcset=\"https:\/\/www.solfrance.fr\/ailes-paramoteur\/wp-content\/uploads\/sites\/3\/2025\/03\/assentopontoalto_ancoragemchassiinf.jpg 350w, https:\/\/www.solfrance.fr\/ailes-paramoteur\/wp-content\/uploads\/sites\/3\/2025\/03\/assentopontoalto_ancoragemchassiinf-210x300.jpg 210w\" sizes=\"(max-width: 350px) 100vw, 350px\" \/><\/p><p>Lower<\/p><\/td><\/tr><\/tbody><\/table><h4><strong>Mesures<\/strong><\/h4><table class=\"table table-condensed table-striped\" border=\"0\" cellspacing=\"1\" cellpadding=\"1\"><tbody><tr><td>\u00a0<\/td><td><strong>S\/M<\/strong><\/td><td><strong>L\/XL<\/strong><\/td><td>\u00a0<\/td><\/tr><tr><td>Largeur de l\u2019assise<\/td><td>40<\/td><td>42<\/td><td>cm<\/td><\/tr><tr><td>Longueur de l\u2019assise<\/td><td>32<\/td><td>36<\/td><td>cm<\/td><\/tr><tr><td>Poids (planchette inclue)<\/td><td>3,150<\/td><td>3,850<\/td><td>kg<\/td><\/tr><\/tbody><\/table>\t\t\t\t\t\t\t\t<\/div>\n\t\t\t\t<\/div>\n\t\t\t\t\t<\/div>\n\t\t\t\t<\/div>\n\t\t<div class=\"elementor-element elementor-element-7112d65 e-flex e-con-boxed e-con e-parent\" data-id=\"7112d65\" data-element_type=\"container\" data-e-type=\"container\">\n\t\t\t\t\t<div class=\"e-con-inner\">\n\t\t\t\t<div class=\"elementor-element elementor-element-a264bc9 elementor-widget elementor-widget-text-editor\" data-id=\"a264bc9\" data-element_type=\"widget\" data-e-type=\"widget\" data-widget_type=\"text-editor.default\">\n\t\t\t\t<div class=\"elementor-widget-container\">\n\t\t\t\t\t\t\t\t\t<h4><strong>T\u00e9l\u00e9chargements<\/strong><\/h4>\t\t\t\t\t\t\t\t<\/div>\n\t\t\t\t<\/div>\n\t\t\t\t\t<\/div>\n\t\t\t\t<\/div>\n\t\t<div class=\"elementor-element elementor-element-caf8188 e-grid e-con-boxed e-con e-parent\" data-id=\"caf8188\" data-element_type=\"container\" data-e-type=\"container\">\n\t\t\t\t\t<div class=\"e-con-inner\">\n\t\t\t\t<div class=\"elementor-element elementor-element-861312c elementor-align-justify elementor-widget elementor-widget-button\" data-id=\"861312c\" data-element_type=\"widget\" data-e-type=\"widget\" data-widget_type=\"button.default\">\n\t\t\t\t<div class=\"elementor-widget-container\">\n\t\t\t\t\t\t\t\t\t<div class=\"elementor-button-wrapper\">\n\t\t\t\t\t<a class=\"elementor-button elementor-button-link elementor-size-sm\" href=\"https:\/\/solparamotors.com.br\/userfiles\/files\/manuais\/evolution2_br.pdf\">\n\t\t\t\t\t\t<span class=\"elementor-button-content-wrapper\">\n\t\t\t\t\t\t\t\t\t<span class=\"elementor-button-text\">Manuel<\/span>\n\t\t\t\t\t<\/span>\n\t\t\t\t\t<\/a>\n\t\t\t\t<\/div>\n\t\t\t\t\t\t\t\t<\/div>\n\t\t\t\t<\/div>\n\t\t\t\t<div class=\"elementor-element elementor-element-e284d35 elementor-align-justify elementor-widget elementor-widget-button\" data-id=\"e284d35\" data-element_type=\"widget\" data-e-type=\"widget\" data-widget_type=\"button.default\">\n\t\t\t\t<div class=\"elementor-widget-container\">\n\t\t\t\t\t\t\t\t\t<div class=\"elementor-button-wrapper\">\n\t\t\t\t\t<a class=\"elementor-button elementor-button-link elementor-size-sm\" href=\"https:\/\/solparamotors.com.br\/userfiles\/files\/infos\/evolution2_br.pdf\">\n\t\t\t\t\t\t<span class=\"elementor-button-content-wrapper\">\n\t\t\t\t\t\t\t\t\t<span class=\"elementor-button-text\">info<\/span>\n\t\t\t\t\t<\/span>\n\t\t\t\t\t<\/a>\n\t\t\t\t<\/div>\n\t\t\t\t\t\t\t\t<\/div>\n\t\t\t\t<\/div>\n\t\t\t\t<div class=\"elementor-element elementor-element-b01e51a elementor-align-justify elementor-widget elementor-widget-button\" data-id=\"b01e51a\" data-element_type=\"widget\" data-e-type=\"widget\" data-widget_type=\"button.default\">\n\t\t\t\t<div class=\"elementor-widget-container\">\n\t\t\t\t\t\t\t\t\t<div class=\"elementor-button-wrapper\">\n\t\t\t\t\t<a class=\"elementor-button elementor-button-link elementor-size-sm\" href=\"\/garantie-harnais\">\n\t\t\t\t\t\t<span class=\"elementor-button-content-wrapper\">\n\t\t\t\t\t\t\t\t\t<span class=\"elementor-button-text\">Garantie<\/span>\n\t\t\t\t\t<\/span>\n\t\t\t\t\t<\/a>\n\t\t\t\t<\/div>\n\t\t\t\t\t\t\t\t<\/div>\n\t\t\t\t<\/div>\n\t\t\t\t\t<\/div>\n\t\t\t\t<\/div>\n\t\t\t\t<\/div>\n\t\t","protected":false},"excerpt":{"rendered":"<p>Sellette paramoteur Evolution 2 La sellette Comfort Evolution 2 est le r\u00e9sultat de l\u2019\u00e9volution, des informations et des nouveaux besoins des pilotes. Avec deux tailles, il devient plus confortable et a moins de poids gr\u00e2ce \u00e0 l\u2019optimisation des coutures et aux nouveaux mat\u00e9riaux. Elle a toujours le m\u00eame caract\u00e8re pratique et la m\u00eame compatibilit\u00e9. Le [&hellip;]<\/p>\n","protected":false},"author":1,"featured_media":0,"parent":0,"menu_order":0,"comment_status":"closed","ping_status":"closed","template":"","meta":{"cybocfi_hide_featured_image":"","footnotes":""},"class_list":["post-4237","page","type-page","status-publish","hentry"],"aioseo_notices":[],"_links":{"self":[{"href":"https:\/\/www.solfrance.fr\/ailes-paramoteur\/wp-json\/wp\/v2\/pages\/4237","targetHints":{"allow":["GET"]}}],"collection":[{"href":"https:\/\/www.solfrance.fr\/ailes-paramoteur\/wp-json\/wp\/v2\/pages"}],"about":[{"href":"https:\/\/www.solfrance.fr\/ailes-paramoteur\/wp-json\/wp\/v2\/types\/page"}],"author":[{"embeddable":true,"href":"https:\/\/www.solfrance.fr\/ailes-paramoteur\/wp-json\/wp\/v2\/users\/1"}],"replies":[{"embeddable":true,"href":"https:\/\/www.solfrance.fr\/ailes-paramoteur\/wp-json\/wp\/v2\/comments?post=4237"}],"version-history":[{"count":16,"href":"https:\/\/www.solfrance.fr\/ailes-paramoteur\/wp-json\/wp\/v2\/pages\/4237\/revisions"}],"predecessor-version":[{"id":5011,"href":"https:\/\/www.solfrance.fr\/ailes-paramoteur\/wp-json\/wp\/v2\/pages\/4237\/revisions\/5011"}],"wp:attachment":[{"href":"https:\/\/www.solfrance.fr\/ailes-paramoteur\/wp-json\/wp\/v2\/media?parent=4237"}],"curies":[{"name":"wp","href":"https:\/\/api.w.org\/{rel}","templated":true}]}}