{"id":4326,"date":"2025-03-04T21:30:52","date_gmt":"2025-03-04T21:30:52","guid":{"rendered":"https:\/\/www.solfrance.fr\/ailes-paramoteur\/?page_id=4326"},"modified":"2026-02-13T19:07:44","modified_gmt":"2026-02-13T19:07:44","slug":"sellette-paramoteur-split-passenger","status":"publish","type":"page","link":"https:\/\/www.solfrance.fr\/ailes-paramoteur\/sellette-paramoteur-split-passenger\/","title":{"rendered":"Sellette Paramoteur Split Passenger"},"content":{"rendered":"\t\t<div data-elementor-type=\"wp-page\" data-elementor-id=\"4326\" class=\"elementor elementor-4326\" data-elementor-post-type=\"page\">\n\t\t\t\t<div class=\"elementor-element elementor-element-0902d64 e-con-full e-flex e-con e-parent\" data-id=\"0902d64\" data-element_type=\"container\" data-e-type=\"container\">\n\t\t\t\t<div class=\"elementor-element elementor-element-4dd6622 elementor-widget elementor-widget-image\" data-id=\"4dd6622\" data-element_type=\"widget\" data-e-type=\"widget\" data-widget_type=\"image.default\">\n\t\t\t\t<div class=\"elementor-widget-container\">\n\t\t\t\t\t\t\t\t\t\t\t\t\t\t\t<img fetchpriority=\"high\" decoding=\"async\" width=\"1300\" height=\"576\" src=\"https:\/\/www.solfrance.fr\/ailes-paramoteur\/wp-content\/uploads\/sites\/3\/2025\/03\/splitpassenger_topo-1.jpg\" class=\"attachment-full size-full wp-image-4329\" alt=\"\" srcset=\"https:\/\/www.solfrance.fr\/ailes-paramoteur\/wp-content\/uploads\/sites\/3\/2025\/03\/splitpassenger_topo-1.jpg 1300w, https:\/\/www.solfrance.fr\/ailes-paramoteur\/wp-content\/uploads\/sites\/3\/2025\/03\/splitpassenger_topo-1-300x133.jpg 300w, https:\/\/www.solfrance.fr\/ailes-paramoteur\/wp-content\/uploads\/sites\/3\/2025\/03\/splitpassenger_topo-1-1024x454.jpg 1024w, https:\/\/www.solfrance.fr\/ailes-paramoteur\/wp-content\/uploads\/sites\/3\/2025\/03\/splitpassenger_topo-1-768x340.jpg 768w\" sizes=\"(max-width: 1300px) 100vw, 1300px\" \/>\t\t\t\t\t\t\t\t\t\t\t\t\t\t\t<\/div>\n\t\t\t\t<\/div>\n\t\t\t\t<\/div>\n\t\t<div class=\"elementor-element elementor-element-948ac49 e-flex e-con-boxed e-con e-parent\" data-id=\"948ac49\" data-element_type=\"container\" data-e-type=\"container\">\n\t\t\t\t\t<div class=\"e-con-inner\">\n\t\t\t\t<div class=\"elementor-element elementor-element-c9cc259 elementor-widget elementor-widget-text-editor\" data-id=\"c9cc259\" data-element_type=\"widget\" data-e-type=\"widget\" data-widget_type=\"text-editor.default\">\n\t\t\t\t<div class=\"elementor-widget-container\">\n\t\t\t\t\t\t\t\t\t<h1>\u00a0Split Passenger<\/h1>\t\t\t\t\t\t\t\t<\/div>\n\t\t\t\t<\/div>\n\t\t\t\t\t<\/div>\n\t\t\t\t<\/div>\n\t\t<div class=\"elementor-element elementor-element-a8a28a6 e-flex e-con-boxed e-con e-parent\" data-id=\"a8a28a6\" data-element_type=\"container\" data-e-type=\"container\">\n\t\t\t\t\t<div class=\"e-con-inner\">\n\t\t\t\t<div class=\"elementor-element elementor-element-581cff4 elementor-widget elementor-widget-text-editor\" data-id=\"581cff4\" data-element_type=\"widget\" data-e-type=\"widget\" data-widget_type=\"text-editor.default\">\n\t\t\t\t<div class=\"elementor-widget-container\">\n\t\t\t\t\t\t\t\t\t<p>La Split Passenger est une sellette d\u00e9velopp\u00e9e pour le passager du paramoteur en tandem.<\/p><p>Sa principale caract\u00e9ristique est la mobilit\u00e9 des passagers.<\/p><p>Gr\u00e2ce \u00e0 cette nouvelle sellette, le pilote et le passager d\u2019un paramoteur \u00e0 double commande auront la plus grande agilit\u00e9 et commodit\u00e9 dans leur d\u00e9collage, confort en vol et facilit\u00e9 d\u2019atterrissage.<\/p><p>La Split Passenger\u00a0 pr\u00e9sente une utilisation pratique, des r\u00e9glages simples et efficaces ainsi que la commodit\u00e9 de s\u2019asseoir et de se poser.\u00a0 Les points fondamentaux dont tout passager a besoin pour effectuer un vol en paramoteur s\u00fbr et confortable.<br \/>Construit avec les meilleurs mat\u00e9riaux et r\u00e9pondant aux exigences de cette pratique la Split Passenger est\u00a0 compacte, l\u00e9g\u00e8re et poss\u00e8de toute la technologie de d\u00e9veloppement de SOL Paragliders.\u00a0\u00a0<\/p>\t\t\t\t\t\t\t\t<\/div>\n\t\t\t\t<\/div>\n\t\t\t\t\t<\/div>\n\t\t\t\t<\/div>\n\t\t<div class=\"elementor-element elementor-element-cc34227 e-flex e-con-boxed e-con e-parent\" data-id=\"cc34227\" data-element_type=\"container\" data-e-type=\"container\">\n\t\t\t\t\t<div class=\"e-con-inner\">\n\t\t<div class=\"elementor-element elementor-element-f112f8c e-con-full e-flex e-con e-child\" data-id=\"f112f8c\" data-element_type=\"container\" data-e-type=\"container\">\n\t\t\t\t<div class=\"elementor-element elementor-element-b46a05a elementor-widget elementor-widget-text-editor\" data-id=\"b46a05a\" data-element_type=\"widget\" data-e-type=\"widget\" data-widget_type=\"text-editor.default\">\n\t\t\t\t<div class=\"elementor-widget-container\">\n\t\t\t\t\t\t\t\t\t<h4>Tailles<\/h4><p>Unique\u00a0<\/p>\t\t\t\t\t\t\t\t<\/div>\n\t\t\t\t<\/div>\n\t\t\t\t<\/div>\n\t\t<div class=\"elementor-element elementor-element-53e15cd e-con-full e-flex e-con e-child\" data-id=\"53e15cd\" data-element_type=\"container\" data-e-type=\"container\">\n\t\t\t\t<div class=\"elementor-element elementor-element-541fb7a elementor-widget elementor-widget-text-editor\" data-id=\"541fb7a\" data-element_type=\"widget\" data-e-type=\"widget\" data-widget_type=\"text-editor.default\">\n\t\t\t\t<div class=\"elementor-widget-container\">\n\t\t\t\t\t\t\t\t\t<h4>Couleurs<\/h4><div><strong>Noire<\/strong><\/div>\t\t\t\t\t\t\t\t<\/div>\n\t\t\t\t<\/div>\n\t\t\t\t<\/div>\n\t\t\t\t\t<\/div>\n\t\t\t\t<\/div>\n\t\t<div class=\"elementor-element elementor-element-db5d991 e-flex e-con-boxed e-con e-parent\" data-id=\"db5d991\" data-element_type=\"container\" data-e-type=\"container\">\n\t\t\t\t\t<div class=\"e-con-inner\">\n\t\t\t\t<div class=\"elementor-element elementor-element-220593d elementor-widget elementor-widget-gallery\" data-id=\"220593d\" data-element_type=\"widget\" data-e-type=\"widget\" data-settings=\"{&quot;lazyload&quot;:&quot;yes&quot;,&quot;gallery_layout&quot;:&quot;grid&quot;,&quot;columns&quot;:4,&quot;columns_tablet&quot;:2,&quot;columns_mobile&quot;:1,&quot;gap&quot;:{&quot;unit&quot;:&quot;px&quot;,&quot;size&quot;:10,&quot;sizes&quot;:[]},&quot;gap_tablet&quot;:{&quot;unit&quot;:&quot;px&quot;,&quot;size&quot;:10,&quot;sizes&quot;:[]},&quot;gap_mobile&quot;:{&quot;unit&quot;:&quot;px&quot;,&quot;size&quot;:10,&quot;sizes&quot;:[]},&quot;link_to&quot;:&quot;file&quot;,&quot;aspect_ratio&quot;:&quot;3:2&quot;,&quot;overlay_background&quot;:&quot;yes&quot;,&quot;content_hover_animation&quot;:&quot;fade-in&quot;}\" data-widget_type=\"gallery.default\">\n\t\t\t\t<div class=\"elementor-widget-container\">\n\t\t\t\t\t\t\t<div class=\"elementor-gallery__container\">\n\t\t\t\t\t\t\t<a class=\"e-gallery-item elementor-gallery-item elementor-animated-content\" href=\"https:\/\/www.solfrance.fr\/ailes-paramoteur\/wp-content\/uploads\/sites\/3\/2025\/03\/71_1789-1.jpg\" data-elementor-open-lightbox=\"yes\" data-elementor-lightbox-slideshow=\"220593d\" data-elementor-lightbox-title=\"71_1789\" data-e-action-hash=\"#elementor-action%3Aaction%3Dlightbox%26settings%3DeyJpZCI6NDMzMSwidXJsIjoiaHR0cHM6XC9cL3d3dy5zb2xmcmFuY2UuZnJcL2FpbGVzLXBhcmFtb3RldXJcL3dwLWNvbnRlbnRcL3VwbG9hZHNcL3NpdGVzXC8zXC8yMDI1XC8wM1wvNzFfMTc4OS0xLmpwZyIsInNsaWRlc2hvdyI6IjIyMDU5M2QifQ%3D%3D\">\n\t\t\t\t\t<div class=\"e-gallery-image elementor-gallery-item__image\" data-thumbnail=\"https:\/\/www.solfrance.fr\/ailes-paramoteur\/wp-content\/uploads\/sites\/3\/2025\/03\/71_1789-1-300x300.jpg\" data-width=\"300\" data-height=\"300\" aria-label=\"\" role=\"img\" ><\/div>\n\t\t\t\t\t\t\t\t\t\t\t<div class=\"elementor-gallery-item__overlay\"><\/div>\n\t\t\t\t\t\t\t\t\t\t\t\t\t\t<\/a>\n\t\t\t\t\t\t\t<a class=\"e-gallery-item elementor-gallery-item elementor-animated-content\" href=\"https:\/\/www.solfrance.fr\/ailes-paramoteur\/wp-content\/uploads\/sites\/3\/2025\/03\/71_1790-1.jpg\" data-elementor-open-lightbox=\"yes\" data-elementor-lightbox-slideshow=\"220593d\" data-elementor-lightbox-title=\"71_1790\" data-e-action-hash=\"#elementor-action%3Aaction%3Dlightbox%26settings%3DeyJpZCI6NDMzMiwidXJsIjoiaHR0cHM6XC9cL3d3dy5zb2xmcmFuY2UuZnJcL2FpbGVzLXBhcmFtb3RldXJcL3dwLWNvbnRlbnRcL3VwbG9hZHNcL3NpdGVzXC8zXC8yMDI1XC8wM1wvNzFfMTc5MC0xLmpwZyIsInNsaWRlc2hvdyI6IjIyMDU5M2QifQ%3D%3D\">\n\t\t\t\t\t<div class=\"e-gallery-image elementor-gallery-item__image\" data-thumbnail=\"https:\/\/www.solfrance.fr\/ailes-paramoteur\/wp-content\/uploads\/sites\/3\/2025\/03\/71_1790-1-300x300.jpg\" data-width=\"300\" data-height=\"300\" aria-label=\"\" role=\"img\" ><\/div>\n\t\t\t\t\t\t\t\t\t\t\t<div class=\"elementor-gallery-item__overlay\"><\/div>\n\t\t\t\t\t\t\t\t\t\t\t\t\t\t<\/a>\n\t\t\t\t\t\t\t<a class=\"e-gallery-item elementor-gallery-item elementor-animated-content\" href=\"https:\/\/www.solfrance.fr\/ailes-paramoteur\/wp-content\/uploads\/sites\/3\/2025\/03\/71_1791-1.jpg\" data-elementor-open-lightbox=\"yes\" data-elementor-lightbox-slideshow=\"220593d\" data-elementor-lightbox-title=\"71_1791\" data-e-action-hash=\"#elementor-action%3Aaction%3Dlightbox%26settings%3DeyJpZCI6NDMzMywidXJsIjoiaHR0cHM6XC9cL3d3dy5zb2xmcmFuY2UuZnJcL2FpbGVzLXBhcmFtb3RldXJcL3dwLWNvbnRlbnRcL3VwbG9hZHNcL3NpdGVzXC8zXC8yMDI1XC8wM1wvNzFfMTc5MS0xLmpwZyIsInNsaWRlc2hvdyI6IjIyMDU5M2QifQ%3D%3D\">\n\t\t\t\t\t<div class=\"e-gallery-image elementor-gallery-item__image\" data-thumbnail=\"https:\/\/www.solfrance.fr\/ailes-paramoteur\/wp-content\/uploads\/sites\/3\/2025\/03\/71_1791-1-300x300.jpg\" data-width=\"300\" data-height=\"300\" aria-label=\"\" role=\"img\" ><\/div>\n\t\t\t\t\t\t\t\t\t\t\t<div class=\"elementor-gallery-item__overlay\"><\/div>\n\t\t\t\t\t\t\t\t\t\t\t\t\t\t<\/a>\n\t\t\t\t\t\t\t<a class=\"e-gallery-item elementor-gallery-item elementor-animated-content\" href=\"https:\/\/www.solfrance.fr\/ailes-paramoteur\/wp-content\/uploads\/sites\/3\/2025\/03\/71_1792-1.jpg\" data-elementor-open-lightbox=\"yes\" data-elementor-lightbox-slideshow=\"220593d\" data-elementor-lightbox-title=\"71_1792\" data-e-action-hash=\"#elementor-action%3Aaction%3Dlightbox%26settings%3DeyJpZCI6NDMzNCwidXJsIjoiaHR0cHM6XC9cL3d3dy5zb2xmcmFuY2UuZnJcL2FpbGVzLXBhcmFtb3RldXJcL3dwLWNvbnRlbnRcL3VwbG9hZHNcL3NpdGVzXC8zXC8yMDI1XC8wM1wvNzFfMTc5Mi0xLmpwZyIsInNsaWRlc2hvdyI6IjIyMDU5M2QifQ%3D%3D\">\n\t\t\t\t\t<div class=\"e-gallery-image elementor-gallery-item__image\" data-thumbnail=\"https:\/\/www.solfrance.fr\/ailes-paramoteur\/wp-content\/uploads\/sites\/3\/2025\/03\/71_1792-1-300x300.jpg\" data-width=\"300\" data-height=\"300\" aria-label=\"\" role=\"img\" ><\/div>\n\t\t\t\t\t\t\t\t\t\t\t<div class=\"elementor-gallery-item__overlay\"><\/div>\n\t\t\t\t\t\t\t\t\t\t\t\t\t\t<\/a>\n\t\t\t\t\t<\/div>\n\t\t\t\t\t<\/div>\n\t\t\t\t<\/div>\n\t\t\t\t\t<\/div>\n\t\t\t\t<\/div>\n\t\t<div class=\"elementor-element elementor-element-4d48fb7 e-flex e-con-boxed e-con e-parent\" data-id=\"4d48fb7\" data-element_type=\"container\" data-e-type=\"container\">\n\t\t\t\t\t<div class=\"e-con-inner\">\n\t\t\t\t<div class=\"elementor-element elementor-element-bea4586 elementor-widget elementor-widget-text-editor\" data-id=\"bea4586\" data-element_type=\"widget\" data-e-type=\"widget\" data-widget_type=\"text-editor.default\">\n\t\t\t\t<div class=\"elementor-widget-container\">\n\t\t\t\t\t\t\t\t\t<h4>Tableau des donn\u00e9es<\/h4><table class=\"table table-condensed table-striped\" border=\"0\" cellspacing=\"1\" cellpadding=\"1\"><tbody><tr><td>\u00a0<\/td><td><h4><strong>Unique<\/strong><\/h4><\/td><td>\u00a0<\/td><\/tr><tr><td>Poche de rangement<\/td><td>20<\/td><td>litres<\/td><\/tr><tr><td>Poids<\/td><td>2,100<\/td><td>Kg<\/td><\/tr><\/tbody><\/table><div><hr \/><h4>Guides des tailles: Taille unique<\/h4><\/div>\t\t\t\t\t\t\t\t<\/div>\n\t\t\t\t<\/div>\n\t\t\t\t\t<\/div>\n\t\t\t\t<\/div>\n\t\t<div class=\"elementor-element elementor-element-d7e3111 e-con-full e-flex e-con e-parent\" data-id=\"d7e3111\" data-element_type=\"container\" data-e-type=\"container\">\n\t\t\t\t<div class=\"elementor-element elementor-element-6dc18cb elementor-widget elementor-widget-image\" data-id=\"6dc18cb\" data-element_type=\"widget\" data-e-type=\"widget\" data-widget_type=\"image.default\">\n\t\t\t\t<div class=\"elementor-widget-container\">\n\t\t\t\t\t\t\t\t\t\t\t\t\t\t\t<img decoding=\"async\" width=\"2560\" height=\"663\" src=\"https:\/\/www.solfrance.fr\/ailes-paramoteur\/wp-content\/uploads\/sites\/3\/2025\/03\/ASSENTO-PARAMOTOR-SPLIT-PASSENGER-Tabela-Peso-x-Altura-BR-1-scaled.jpg\" class=\"attachment-full size-full wp-image-4330\" alt=\"\" srcset=\"https:\/\/www.solfrance.fr\/ailes-paramoteur\/wp-content\/uploads\/sites\/3\/2025\/03\/ASSENTO-PARAMOTOR-SPLIT-PASSENGER-Tabela-Peso-x-Altura-BR-1-scaled.jpg 2560w, https:\/\/www.solfrance.fr\/ailes-paramoteur\/wp-content\/uploads\/sites\/3\/2025\/03\/ASSENTO-PARAMOTOR-SPLIT-PASSENGER-Tabela-Peso-x-Altura-BR-1-300x78.jpg 300w, https:\/\/www.solfrance.fr\/ailes-paramoteur\/wp-content\/uploads\/sites\/3\/2025\/03\/ASSENTO-PARAMOTOR-SPLIT-PASSENGER-Tabela-Peso-x-Altura-BR-1-1024x265.jpg 1024w, https:\/\/www.solfrance.fr\/ailes-paramoteur\/wp-content\/uploads\/sites\/3\/2025\/03\/ASSENTO-PARAMOTOR-SPLIT-PASSENGER-Tabela-Peso-x-Altura-BR-1-768x199.jpg 768w, https:\/\/www.solfrance.fr\/ailes-paramoteur\/wp-content\/uploads\/sites\/3\/2025\/03\/ASSENTO-PARAMOTOR-SPLIT-PASSENGER-Tabela-Peso-x-Altura-BR-1-1536x398.jpg 1536w, https:\/\/www.solfrance.fr\/ailes-paramoteur\/wp-content\/uploads\/sites\/3\/2025\/03\/ASSENTO-PARAMOTOR-SPLIT-PASSENGER-Tabela-Peso-x-Altura-BR-1-2048x530.jpg 2048w\" sizes=\"(max-width: 2560px) 100vw, 2560px\" \/>\t\t\t\t\t\t\t\t\t\t\t\t\t\t\t<\/div>\n\t\t\t\t<\/div>\n\t\t\t\t<\/div>\n\t\t\t\t<\/div>\n\t\t","protected":false},"excerpt":{"rendered":"<p>\u00a0Split Passenger La Split Passenger est une sellette d\u00e9velopp\u00e9e pour le passager du paramoteur en tandem. Sa principale caract\u00e9ristique est la mobilit\u00e9 des passagers. Gr\u00e2ce \u00e0 cette nouvelle sellette, le pilote et le passager d\u2019un paramoteur \u00e0 double commande auront la plus grande agilit\u00e9 et commodit\u00e9 dans leur d\u00e9collage, confort en vol et facilit\u00e9 d\u2019atterrissage. [&hellip;]<\/p>\n","protected":false},"author":1,"featured_media":0,"parent":0,"menu_order":0,"comment_status":"closed","ping_status":"closed","template":"","meta":{"cybocfi_hide_featured_image":"","footnotes":""},"class_list":["post-4326","page","type-page","status-publish","hentry"],"aioseo_notices":[],"_links":{"self":[{"href":"https:\/\/www.solfrance.fr\/ailes-paramoteur\/wp-json\/wp\/v2\/pages\/4326","targetHints":{"allow":["GET"]}}],"collection":[{"href":"https:\/\/www.solfrance.fr\/ailes-paramoteur\/wp-json\/wp\/v2\/pages"}],"about":[{"href":"https:\/\/www.solfrance.fr\/ailes-paramoteur\/wp-json\/wp\/v2\/types\/page"}],"author":[{"embeddable":true,"href":"https:\/\/www.solfrance.fr\/ailes-paramoteur\/wp-json\/wp\/v2\/users\/1"}],"replies":[{"embeddable":true,"href":"https:\/\/www.solfrance.fr\/ailes-paramoteur\/wp-json\/wp\/v2\/comments?post=4326"}],"version-history":[{"count":7,"href":"https:\/\/www.solfrance.fr\/ailes-paramoteur\/wp-json\/wp\/v2\/pages\/4326\/revisions"}],"predecessor-version":[{"id":5044,"href":"https:\/\/www.solfrance.fr\/ailes-paramoteur\/wp-json\/wp\/v2\/pages\/4326\/revisions\/5044"}],"wp:attachment":[{"href":"https:\/\/www.solfrance.fr\/ailes-paramoteur\/wp-json\/wp\/v2\/media?parent=4326"}],"curies":[{"name":"wp","href":"https:\/\/api.w.org\/{rel}","templated":true}]}}