{"id":4338,"date":"2025-03-04T21:38:53","date_gmt":"2025-03-04T21:38:53","guid":{"rendered":"https:\/\/www.solfrance.fr\/ailes-paramoteur\/?page_id=4338"},"modified":"2026-02-13T19:08:20","modified_gmt":"2026-02-13T19:08:20","slug":"sellette-paratrike-pilote","status":"publish","type":"page","link":"https:\/\/www.solfrance.fr\/ailes-paramoteur\/sellette-paratrike-pilote\/","title":{"rendered":"Sellette Paratrike Pilote"},"content":{"rendered":"\t\t<div data-elementor-type=\"wp-page\" data-elementor-id=\"4338\" class=\"elementor elementor-4338\" data-elementor-post-type=\"page\">\n\t\t\t\t<div class=\"elementor-element elementor-element-c5fa5a4 e-con-full e-flex e-con e-parent\" data-id=\"c5fa5a4\" data-element_type=\"container\" data-e-type=\"container\">\n\t\t\t\t<div class=\"elementor-element elementor-element-172861e elementor-widget elementor-widget-image\" data-id=\"172861e\" data-element_type=\"widget\" data-e-type=\"widget\" data-widget_type=\"image.default\">\n\t\t\t\t<div class=\"elementor-widget-container\">\n\t\t\t\t\t\t\t\t\t\t\t\t\t\t\t<img fetchpriority=\"high\" decoding=\"async\" width=\"1200\" height=\"388\" src=\"https:\/\/www.solfrance.fr\/ailes-paramoteur\/wp-content\/uploads\/sites\/3\/2025\/03\/Piloto-topo-1.jpg\" class=\"attachment-full size-full wp-image-4340\" alt=\"\" srcset=\"https:\/\/www.solfrance.fr\/ailes-paramoteur\/wp-content\/uploads\/sites\/3\/2025\/03\/Piloto-topo-1.jpg 1200w, https:\/\/www.solfrance.fr\/ailes-paramoteur\/wp-content\/uploads\/sites\/3\/2025\/03\/Piloto-topo-1-300x97.jpg 300w, https:\/\/www.solfrance.fr\/ailes-paramoteur\/wp-content\/uploads\/sites\/3\/2025\/03\/Piloto-topo-1-1024x331.jpg 1024w, https:\/\/www.solfrance.fr\/ailes-paramoteur\/wp-content\/uploads\/sites\/3\/2025\/03\/Piloto-topo-1-768x248.jpg 768w\" sizes=\"(max-width: 1200px) 100vw, 1200px\" \/>\t\t\t\t\t\t\t\t\t\t\t\t\t\t\t<\/div>\n\t\t\t\t<\/div>\n\t\t\t\t<\/div>\n\t\t<div class=\"elementor-element elementor-element-620b3f8 e-flex e-con-boxed e-con e-parent\" data-id=\"620b3f8\" data-element_type=\"container\" data-e-type=\"container\">\n\t\t\t\t\t<div class=\"e-con-inner\">\n\t\t\t\t<div class=\"elementor-element elementor-element-8752d81 elementor-widget elementor-widget-text-editor\" data-id=\"8752d81\" data-element_type=\"widget\" data-e-type=\"widget\" data-widget_type=\"text-editor.default\">\n\t\t\t\t<div class=\"elementor-widget-container\">\n\t\t\t\t\t\t\t\t\t<h1>Sellette Paratrike Pilote<\/h1>\t\t\t\t\t\t\t\t<\/div>\n\t\t\t\t<\/div>\n\t\t\t\t\t<\/div>\n\t\t\t\t<\/div>\n\t\t<div class=\"elementor-element elementor-element-5629f34 e-flex e-con-boxed e-con e-parent\" data-id=\"5629f34\" data-element_type=\"container\" data-e-type=\"container\">\n\t\t\t\t\t<div class=\"e-con-inner\">\n\t\t\t\t<div class=\"elementor-element elementor-element-71b380a elementor-widget elementor-widget-text-editor\" data-id=\"71b380a\" data-element_type=\"widget\" data-e-type=\"widget\" data-widget_type=\"text-editor.default\">\n\t\t\t\t<div class=\"elementor-widget-container\">\n\t\t\t\t\t\t\t\t\t<p>Cette sellette a \u00e9t\u00e9 d\u00e9velopp\u00e9e pour r\u00e9pondre aux besoins des pilotes de Paratrike. Avec la structure du paratrike, le si\u00e8ge est un \u00e9l\u00e9ment fondamental pour que le pilote puisse s\u2019adapter et piloter le paratrike.<\/p><p>Nous avons recherch\u00e9 le confort sans prise de poids et ins\u00e9r\u00e9 les besoins d\u2019utilisation qui \u00e9voluent de plus en plus sur le march\u00e9.<\/p><hr \/><table class=\"table table-condensed\" border=\"0\" cellspacing=\"1\" cellpadding=\"1\" align=\"center\"><tbody><tr><td><h4>Taille<\/h4><p><strong>Unique<\/strong><\/p><\/td><td><h3>Couleur<\/h3><p><strong>Noir<\/strong><\/p><\/td><\/tr><\/tbody><\/table>\t\t\t\t\t\t\t\t<\/div>\n\t\t\t\t<\/div>\n\t\t\t\t\t<\/div>\n\t\t\t\t<\/div>\n\t\t<div class=\"elementor-element elementor-element-72a1594 e-flex e-con-boxed e-con e-parent\" data-id=\"72a1594\" data-element_type=\"container\" data-e-type=\"container\">\n\t\t\t\t\t<div class=\"e-con-inner\">\n\t\t\t\t<div class=\"elementor-element elementor-element-5d03ab1 elementor-widget elementor-widget-gallery\" data-id=\"5d03ab1\" data-element_type=\"widget\" data-e-type=\"widget\" data-settings=\"{&quot;columns&quot;:5,&quot;lazyload&quot;:&quot;yes&quot;,&quot;gallery_layout&quot;:&quot;grid&quot;,&quot;columns_tablet&quot;:2,&quot;columns_mobile&quot;:1,&quot;gap&quot;:{&quot;unit&quot;:&quot;px&quot;,&quot;size&quot;:10,&quot;sizes&quot;:[]},&quot;gap_tablet&quot;:{&quot;unit&quot;:&quot;px&quot;,&quot;size&quot;:10,&quot;sizes&quot;:[]},&quot;gap_mobile&quot;:{&quot;unit&quot;:&quot;px&quot;,&quot;size&quot;:10,&quot;sizes&quot;:[]},&quot;link_to&quot;:&quot;file&quot;,&quot;aspect_ratio&quot;:&quot;3:2&quot;,&quot;overlay_background&quot;:&quot;yes&quot;,&quot;content_hover_animation&quot;:&quot;fade-in&quot;}\" data-widget_type=\"gallery.default\">\n\t\t\t\t<div class=\"elementor-widget-container\">\n\t\t\t\t\t\t\t<div class=\"elementor-gallery__container\">\n\t\t\t\t\t\t\t<a class=\"e-gallery-item elementor-gallery-item elementor-animated-content\" href=\"https:\/\/www.solfrance.fr\/ailes-paramoteur\/wp-content\/uploads\/sites\/3\/2025\/03\/63_1699-1.jpg\" data-elementor-open-lightbox=\"yes\" data-elementor-lightbox-slideshow=\"5d03ab1\" data-elementor-lightbox-title=\"63_1699\" data-e-action-hash=\"#elementor-action%3Aaction%3Dlightbox%26settings%3DeyJpZCI6NDM0MSwidXJsIjoiaHR0cHM6XC9cL3d3dy5zb2xmcmFuY2UuZnJcL2FpbGVzLXBhcmFtb3RldXJcL3dwLWNvbnRlbnRcL3VwbG9hZHNcL3NpdGVzXC8zXC8yMDI1XC8wM1wvNjNfMTY5OS0xLmpwZyIsInNsaWRlc2hvdyI6IjVkMDNhYjEifQ%3D%3D\">\n\t\t\t\t\t<div class=\"e-gallery-image elementor-gallery-item__image\" data-thumbnail=\"https:\/\/www.solfrance.fr\/ailes-paramoteur\/wp-content\/uploads\/sites\/3\/2025\/03\/63_1699-1-300x300.jpg\" data-width=\"300\" data-height=\"300\" aria-label=\"\" role=\"img\" ><\/div>\n\t\t\t\t\t\t\t\t\t\t\t<div class=\"elementor-gallery-item__overlay\"><\/div>\n\t\t\t\t\t\t\t\t\t\t\t\t\t\t<\/a>\n\t\t\t\t\t\t\t<a class=\"e-gallery-item elementor-gallery-item elementor-animated-content\" href=\"https:\/\/www.solfrance.fr\/ailes-paramoteur\/wp-content\/uploads\/sites\/3\/2025\/03\/63_1700-1.jpg\" data-elementor-open-lightbox=\"yes\" data-elementor-lightbox-slideshow=\"5d03ab1\" data-elementor-lightbox-title=\"63_1700\" data-e-action-hash=\"#elementor-action%3Aaction%3Dlightbox%26settings%3DeyJpZCI6NDM0MiwidXJsIjoiaHR0cHM6XC9cL3d3dy5zb2xmcmFuY2UuZnJcL2FpbGVzLXBhcmFtb3RldXJcL3dwLWNvbnRlbnRcL3VwbG9hZHNcL3NpdGVzXC8zXC8yMDI1XC8wM1wvNjNfMTcwMC0xLmpwZyIsInNsaWRlc2hvdyI6IjVkMDNhYjEifQ%3D%3D\">\n\t\t\t\t\t<div class=\"e-gallery-image elementor-gallery-item__image\" data-thumbnail=\"https:\/\/www.solfrance.fr\/ailes-paramoteur\/wp-content\/uploads\/sites\/3\/2025\/03\/63_1700-1-300x300.jpg\" data-width=\"300\" data-height=\"300\" aria-label=\"\" role=\"img\" ><\/div>\n\t\t\t\t\t\t\t\t\t\t\t<div class=\"elementor-gallery-item__overlay\"><\/div>\n\t\t\t\t\t\t\t\t\t\t\t\t\t\t<\/a>\n\t\t\t\t\t\t\t<a class=\"e-gallery-item elementor-gallery-item elementor-animated-content\" href=\"https:\/\/www.solfrance.fr\/ailes-paramoteur\/wp-content\/uploads\/sites\/3\/2025\/03\/63_1701-1.jpg\" data-elementor-open-lightbox=\"yes\" data-elementor-lightbox-slideshow=\"5d03ab1\" data-elementor-lightbox-title=\"63_1701\" data-e-action-hash=\"#elementor-action%3Aaction%3Dlightbox%26settings%3DeyJpZCI6NDM0MywidXJsIjoiaHR0cHM6XC9cL3d3dy5zb2xmcmFuY2UuZnJcL2FpbGVzLXBhcmFtb3RldXJcL3dwLWNvbnRlbnRcL3VwbG9hZHNcL3NpdGVzXC8zXC8yMDI1XC8wM1wvNjNfMTcwMS0xLmpwZyIsInNsaWRlc2hvdyI6IjVkMDNhYjEifQ%3D%3D\">\n\t\t\t\t\t<div class=\"e-gallery-image elementor-gallery-item__image\" data-thumbnail=\"https:\/\/www.solfrance.fr\/ailes-paramoteur\/wp-content\/uploads\/sites\/3\/2025\/03\/63_1701-1-300x300.jpg\" data-width=\"300\" data-height=\"300\" aria-label=\"\" role=\"img\" ><\/div>\n\t\t\t\t\t\t\t\t\t\t\t<div class=\"elementor-gallery-item__overlay\"><\/div>\n\t\t\t\t\t\t\t\t\t\t\t\t\t\t<\/a>\n\t\t\t\t\t\t\t<a class=\"e-gallery-item elementor-gallery-item elementor-animated-content\" href=\"https:\/\/www.solfrance.fr\/ailes-paramoteur\/wp-content\/uploads\/sites\/3\/2025\/03\/63_1702-1.jpg\" data-elementor-open-lightbox=\"yes\" data-elementor-lightbox-slideshow=\"5d03ab1\" data-elementor-lightbox-title=\"63_1702\" data-e-action-hash=\"#elementor-action%3Aaction%3Dlightbox%26settings%3DeyJpZCI6NDM0NCwidXJsIjoiaHR0cHM6XC9cL3d3dy5zb2xmcmFuY2UuZnJcL2FpbGVzLXBhcmFtb3RldXJcL3dwLWNvbnRlbnRcL3VwbG9hZHNcL3NpdGVzXC8zXC8yMDI1XC8wM1wvNjNfMTcwMi0xLmpwZyIsInNsaWRlc2hvdyI6IjVkMDNhYjEifQ%3D%3D\">\n\t\t\t\t\t<div class=\"e-gallery-image elementor-gallery-item__image\" data-thumbnail=\"https:\/\/www.solfrance.fr\/ailes-paramoteur\/wp-content\/uploads\/sites\/3\/2025\/03\/63_1702-1-300x300.jpg\" data-width=\"300\" data-height=\"300\" aria-label=\"\" role=\"img\" ><\/div>\n\t\t\t\t\t\t\t\t\t\t\t<div class=\"elementor-gallery-item__overlay\"><\/div>\n\t\t\t\t\t\t\t\t\t\t\t\t\t\t<\/a>\n\t\t\t\t\t\t\t<a class=\"e-gallery-item elementor-gallery-item elementor-animated-content\" href=\"https:\/\/www.solfrance.fr\/ailes-paramoteur\/wp-content\/uploads\/sites\/3\/2025\/03\/63_1703-1.jpg\" data-elementor-open-lightbox=\"yes\" data-elementor-lightbox-slideshow=\"5d03ab1\" data-elementor-lightbox-title=\"63_1703\" data-e-action-hash=\"#elementor-action%3Aaction%3Dlightbox%26settings%3DeyJpZCI6NDM0NSwidXJsIjoiaHR0cHM6XC9cL3d3dy5zb2xmcmFuY2UuZnJcL2FpbGVzLXBhcmFtb3RldXJcL3dwLWNvbnRlbnRcL3VwbG9hZHNcL3NpdGVzXC8zXC8yMDI1XC8wM1wvNjNfMTcwMy0xLmpwZyIsInNsaWRlc2hvdyI6IjVkMDNhYjEifQ%3D%3D\">\n\t\t\t\t\t<div class=\"e-gallery-image elementor-gallery-item__image\" data-thumbnail=\"https:\/\/www.solfrance.fr\/ailes-paramoteur\/wp-content\/uploads\/sites\/3\/2025\/03\/63_1703-1-300x300.jpg\" data-width=\"300\" data-height=\"300\" aria-label=\"\" role=\"img\" ><\/div>\n\t\t\t\t\t\t\t\t\t\t\t<div class=\"elementor-gallery-item__overlay\"><\/div>\n\t\t\t\t\t\t\t\t\t\t\t\t\t\t<\/a>\n\t\t\t\t\t<\/div>\n\t\t\t\t\t<\/div>\n\t\t\t\t<\/div>\n\t\t\t\t\t<\/div>\n\t\t\t\t<\/div>\n\t\t<div class=\"elementor-element elementor-element-4e76eed e-flex e-con-boxed e-con e-parent\" data-id=\"4e76eed\" data-element_type=\"container\" data-e-type=\"container\">\n\t\t\t\t\t<div class=\"e-con-inner\">\n\t\t\t\t<div class=\"elementor-element elementor-element-908b05c elementor-widget elementor-widget-text-editor\" data-id=\"908b05c\" data-element_type=\"widget\" data-e-type=\"widget\" data-widget_type=\"text-editor.default\">\n\t\t\t\t<div class=\"elementor-widget-container\">\n\t\t\t\t\t\t\t\t\t<section class=\"elementor-section elementor-top-section elementor-element elementor-element-cb1bb96 elementor-section-boxed elementor-section-height-default elementor-section-height-default\" data-particle_enable=\"false\" data-particle-mobile-disabled=\"false\" data-id=\"cb1bb96\" data-element_type=\"section\">\n<div class=\"elementor-container elementor-column-gap-default\">\n<div class=\"elementor-column elementor-col-100 elementor-top-column elementor-element elementor-element-0863f75\" data-id=\"0863f75\" data-element_type=\"column\">\n<div class=\"elementor-widget-wrap elementor-element-populated\">\n<div class=\"elementor-element elementor-element-8489d88 elementor-widget elementor-widget-text-editor\" data-id=\"8489d88\" data-element_type=\"widget\" data-widget_type=\"text-editor.default\">\n<div class=\"elementor-widget-container\">\n<h4>Caract\u00e9ristiques<\/h4>\n<table  border=\"0\">\n<tbody>\n<tr>\n<td>\n<ol>\n \t<li>Fermeture automatique au niveau du point d\u2019attache de l\u2019\u00e9paule. Sangles de fixation pour fermeture automatique de 90 cm de long.<\/li>\n \t<li>Ancrage plus haut pour un meilleur positionnement du pilote sur le paratrike biplace<\/li>\n \t<li>Poche lat\u00e9rale pour un acc\u00e8s facile<\/li>\n \t<li>Poche de rangement sous le si\u00e8ge<\/li>\n \t<li>Points de fixation en velcro sous la poche de rangement<\/li>\n \t<li>Points de fixation lat\u00e9raux avec s\u00e9parateur en acier inoxydable<\/li>\n \t<li>Points de fixation frontaux avec trims<\/li>\n \t<li>Mousse de confort haute densit\u00e9 amovible pour un entretien et un nettoyage faciles<\/li>\n \t<li>R\u00e9glage de l\u2019\u00e9paule avec boucles en acier inoxydable<\/li>\n \t<li>Ajustement ventral avec double boucles automatique avec sangle anti oubli de s\u00e9curit\u00e9 en rouge. note : Finition tout en Cordoba (polyester qui r\u00e9siste \u00e0 la chaleur et au soleil)<\/li>\n<\/ol>\n<\/td>\n<td><img decoding=\"async\" src=\"https:\/\/www.solfrance.fr\/ailes-paramoteur\/wp-content\/uploads\/sites\/3\/2025\/03\/piloto_detalhes-1.jpg\" alt=\"\" width=\"500\" \/><\/td>\n<\/tr>\n<\/tbody>\n<\/table>\n<\/div>\n<\/div>\n<\/div>\n<\/div>\n<\/div>\n<\/section><section class=\"elementor-section elementor-top-section elementor-element elementor-element-0ec5450 elementor-section-boxed elementor-section-height-default elementor-section-height-default\" data-particle_enable=\"false\" data-particle-mobile-disabled=\"false\" data-id=\"0ec5450\" data-element_type=\"section\">\n<div class=\"elementor-container elementor-column-gap-default\">\n<div class=\"elementor-column elementor-col-100 elementor-top-column elementor-element elementor-element-857a801\" data-id=\"857a801\" data-element_type=\"column\">\n<div class=\"elementor-widget-wrap elementor-element-populated\">\n<div class=\"elementor-element elementor-element-723e9df elementor-widget elementor-widget-text-editor\" data-id=\"723e9df\" data-element_type=\"widget\" data-widget_type=\"text-editor.default\">\n<div class=\"elementor-widget-container\">\n<h4>Syst\u00e8me de fixation de la partie sup\u00e9rieure et de r\u00e9glage du pilote<\/h4>\n<table class=\"table table-condensed\" border=\"0\" cellspacing=\"1\" cellpadding=\"1\" align=\"center\">\n<tbody>\n<tr>\n<td>1 \u2013 Il dispose de deux fermetures automatiques au niveau du point d\u2019attache de l\u2019\u00e9paule\n\n2 \u2013 Ancrage sup\u00e9rieur des mousquetons*, faisant partie du syst\u00e8me de fixation sup\u00e9rieur, offrant une meilleure visibilit\u00e9 et un plus grand confort au pilote.\n\n3 \u2013 R\u00e9glage lombaire avec finition en n\u00e9opr\u00e8ne et r\u00e9glage en acier inoxydable\n\n4 \u2013 R\u00e9glage des \u00e9paules avec mousse de confort\n\n5 \u2013 R\u00e9glage ventral par double Boucle automatique avec sangle anti oubli rouge\n\n6 \u2013 Poche facile d\u2019acc\u00e8s\n\n7 \u2013 Poche de rangement\n\n* Obs.:le point d\u2019ancrage du parapente est fix\u00e9 au ch\u00e2ssis et non \u00e0 la sellette<\/td>\n<td><img decoding=\"async\" class=\"alignnone  wp-image-4348\" src=\"https:\/\/www.solfrance.fr\/ailes-paramoteur\/wp-content\/uploads\/sites\/3\/2025\/03\/piloto_fixacaosuperior-1-216x300.jpg\" alt=\"\" width=\"304\" height=\"423\" srcset=\"https:\/\/www.solfrance.fr\/ailes-paramoteur\/wp-content\/uploads\/sites\/3\/2025\/03\/piloto_fixacaosuperior-1-216x300.jpg 216w, https:\/\/www.solfrance.fr\/ailes-paramoteur\/wp-content\/uploads\/sites\/3\/2025\/03\/piloto_fixacaosuperior-1.jpg 360w\" sizes=\"(max-width: 304px) 100vw, 304px\" \/><\/td>\n<\/tr>\n<\/tbody>\n<\/table>\n1 \u2013 Avant \u2013 avec trims qui r\u00e8gle la distance, la tension du mouvement horizontal du si\u00e8ge en aidant aux d\u00e9collages.\n2 \u2013 Plus bas \u2013 sous le compartiment, il assure une certaine fermet\u00e9 dans le mouvement vertical du si\u00e8ge, ce qui facilite le roulage sur des terrains moins plats.\n3 \u2013 Lat\u00e9ral \u2013 avec une bande et un s\u00e9parateur en acier inoxydable, le pilote dispose d\u2019une r\u00e9gulation suppl\u00e9mentaire du mouvement lat\u00e9ral du si\u00e8ge.\n\n<\/div>\n<\/div>\n<\/div>\n<\/div>\n<\/div>\n<\/section><section class=\"elementor-section elementor-top-section elementor-element elementor-element-1f58447 elementor-section-boxed elementor-section-height-default elementor-section-height-default\" data-particle_enable=\"false\" data-particle-mobile-disabled=\"false\" data-id=\"1f58447\" data-element_type=\"section\">\n<div class=\"elementor-container elementor-column-gap-default\">\n<div class=\"elementor-column elementor-col-100 elementor-top-column elementor-element elementor-element-8cdcc56\" data-id=\"8cdcc56\" data-element_type=\"column\">\n<div class=\"elementor-widget-wrap elementor-element-populated\">\n<div class=\"elementor-element elementor-element-fa23bed elementor-widget elementor-widget-text-editor\" data-id=\"fa23bed\" data-element_type=\"widget\" data-widget_type=\"text-editor.default\">\n<div class=\"elementor-widget-container\">\n<h4>Compatibilit\u00e9<\/h4>\n<div>\n<ul>\n \t<li>Utilisation exclusive dans le paratrike pour un ou deux si\u00e8ges, qui a comme structure la cage de protection style style Fenix<\/li>\n<\/ul>\n<div>\n\n<hr \/>\n\n<h4>Mode d\u2019utilisation<\/h4>\nUtilis\u00e9 et install\u00e9 dans la structure m\u00e9tallique du paratrike, \u00e9tant positionn\u00e9 derri\u00e8re le si\u00e8ge du passager qui sera dans la partie avant de la structure.\n\nApr\u00e8s avoir \u00e9t\u00e9 install\u00e9 dans le ch\u00e2ssis, les points de connexion \u00e0 l\u2019arri\u00e8re o\u00f9 le pilote doit \u00eatre positionn\u00e9.\n\nLe pilote doit s\u2019asseoir dans le si\u00e8ge, passer les sangles sur les \u00e9paules, peu apr\u00e8s obtenir les sangles qui seront pr\u00e8s de la hauteur de l\u2019abdomen, o\u00f9 il y a une fermeture en forme de T avec deux boucles automatiques. Apr\u00e8s avoir effectu\u00e9 les connexions n\u00e9cessaires, le pilote pourra commencer \u00e0 utiliser le paratrike en toute s\u00e9curit\u00e9.\n\n<hr \/>\n\n<\/div>\n<\/div>\n<h4>Tableau de donn\u00e9es<\/h4>\n<table class=\"table table-condensed table-striped\" border=\"0\" cellspacing=\"1\" cellpadding=\"1\">\n<tbody>\n<tr>\n<td><\/td>\n<td>\n<h4><strong>Unique<\/strong><\/h4>\n<\/td>\n<td><\/td>\n<\/tr>\n<tr>\n<td>Largeur de l\u2019assise<\/td>\n<td>44<\/td>\n<td>cm<\/td>\n<\/tr>\n<tr>\n<td>Longueur de l\u2019assise<\/td>\n<td>34<\/td>\n<td>cm<\/td>\n<\/tr>\n<tr>\n<td>Poids<\/td>\n<td>2,730<\/td>\n<td>kg<\/td>\n<\/tr>\n<\/tbody>\n<\/table>\n<div>\n\n<hr \/>\n\n<h4>Guide des tailles<\/h4>\n<div><img decoding=\"async\" class=\"alignnone wp-image-4349 size-full\" src=\"https:\/\/www.solfrance.fr\/ailes-paramoteur\/wp-content\/uploads\/sites\/3\/2025\/03\/ASSENTO-PARATRIKE-PILOTO-Tabela-Peso-x-Altura-BR-1-scaled.jpg\" alt=\"\" width=\"2560\" height=\"663\" srcset=\"https:\/\/www.solfrance.fr\/ailes-paramoteur\/wp-content\/uploads\/sites\/3\/2025\/03\/ASSENTO-PARATRIKE-PILOTO-Tabela-Peso-x-Altura-BR-1-scaled.jpg 2560w, https:\/\/www.solfrance.fr\/ailes-paramoteur\/wp-content\/uploads\/sites\/3\/2025\/03\/ASSENTO-PARATRIKE-PILOTO-Tabela-Peso-x-Altura-BR-1-300x78.jpg 300w, https:\/\/www.solfrance.fr\/ailes-paramoteur\/wp-content\/uploads\/sites\/3\/2025\/03\/ASSENTO-PARATRIKE-PILOTO-Tabela-Peso-x-Altura-BR-1-1024x265.jpg 1024w, https:\/\/www.solfrance.fr\/ailes-paramoteur\/wp-content\/uploads\/sites\/3\/2025\/03\/ASSENTO-PARATRIKE-PILOTO-Tabela-Peso-x-Altura-BR-1-768x199.jpg 768w, https:\/\/www.solfrance.fr\/ailes-paramoteur\/wp-content\/uploads\/sites\/3\/2025\/03\/ASSENTO-PARATRIKE-PILOTO-Tabela-Peso-x-Altura-BR-1-1536x398.jpg 1536w, https:\/\/www.solfrance.fr\/ailes-paramoteur\/wp-content\/uploads\/sites\/3\/2025\/03\/ASSENTO-PARATRIKE-PILOTO-Tabela-Peso-x-Altura-BR-1-2048x530.jpg 2048w\" sizes=\"(max-width: 2560px) 100vw, 2560px\" \/><\/div>\n<\/div>\n<\/div>\n<\/div>\n<\/div>\n<\/div>\n<\/div>\n<\/section>\t\t\t\t\t\t\t\t<\/div>\n\t\t\t\t<\/div>\n\t\t\t\t\t<\/div>\n\t\t\t\t<\/div>\n\t\t\t\t<\/div>\n\t\t","protected":false},"excerpt":{"rendered":"<p>Sellette Paratrike Pilote Cette sellette a \u00e9t\u00e9 d\u00e9velopp\u00e9e pour r\u00e9pondre aux besoins des pilotes de Paratrike. Avec la structure du paratrike, le si\u00e8ge est un \u00e9l\u00e9ment fondamental pour que le pilote puisse s\u2019adapter et piloter le paratrike. Nous avons recherch\u00e9 le confort sans prise de poids et ins\u00e9r\u00e9 les besoins d\u2019utilisation qui \u00e9voluent de plus [&hellip;]<\/p>\n","protected":false},"author":1,"featured_media":0,"parent":0,"menu_order":0,"comment_status":"closed","ping_status":"closed","template":"","meta":{"cybocfi_hide_featured_image":"","footnotes":""},"class_list":["post-4338","page","type-page","status-publish","hentry"],"aioseo_notices":[],"_links":{"self":[{"href":"https:\/\/www.solfrance.fr\/ailes-paramoteur\/wp-json\/wp\/v2\/pages\/4338","targetHints":{"allow":["GET"]}}],"collection":[{"href":"https:\/\/www.solfrance.fr\/ailes-paramoteur\/wp-json\/wp\/v2\/pages"}],"about":[{"href":"https:\/\/www.solfrance.fr\/ailes-paramoteur\/wp-json\/wp\/v2\/types\/page"}],"author":[{"embeddable":true,"href":"https:\/\/www.solfrance.fr\/ailes-paramoteur\/wp-json\/wp\/v2\/users\/1"}],"replies":[{"embeddable":true,"href":"https:\/\/www.solfrance.fr\/ailes-paramoteur\/wp-json\/wp\/v2\/comments?post=4338"}],"version-history":[{"count":10,"href":"https:\/\/www.solfrance.fr\/ailes-paramoteur\/wp-json\/wp\/v2\/pages\/4338\/revisions"}],"predecessor-version":[{"id":5047,"href":"https:\/\/www.solfrance.fr\/ailes-paramoteur\/wp-json\/wp\/v2\/pages\/4338\/revisions\/5047"}],"wp:attachment":[{"href":"https:\/\/www.solfrance.fr\/ailes-paramoteur\/wp-json\/wp\/v2\/media?parent=4338"}],"curies":[{"name":"wp","href":"https:\/\/api.w.org\/{rel}","templated":true}]}}