{"id":4356,"date":"2025-03-04T21:48:30","date_gmt":"2025-03-04T21:48:30","guid":{"rendered":"https:\/\/www.solfrance.fr\/ailes-paramoteur\/?page_id=4356"},"modified":"2026-02-13T19:13:57","modified_gmt":"2026-02-13T19:13:57","slug":"sellette-passager-paratrike","status":"publish","type":"page","link":"https:\/\/www.solfrance.fr\/ailes-paramoteur\/sellette-passager-paratrike\/","title":{"rendered":"Sellette passager\u00a0 Paratrike"},"content":{"rendered":"\t\t<div data-elementor-type=\"wp-page\" data-elementor-id=\"4356\" class=\"elementor elementor-4356\" data-elementor-post-type=\"page\">\n\t\t\t\t<div class=\"elementor-element elementor-element-57606ad e-con-full e-flex e-con e-parent\" data-id=\"57606ad\" data-element_type=\"container\" data-e-type=\"container\">\n\t\t\t\t<div class=\"elementor-element elementor-element-302a8d0 elementor-widget__width-inherit elementor-widget elementor-widget-image\" data-id=\"302a8d0\" data-element_type=\"widget\" data-e-type=\"widget\" data-widget_type=\"image.default\">\n\t\t\t\t<div class=\"elementor-widget-container\">\n\t\t\t\t\t\t\t\t\t\t\t\t\t\t\t<img fetchpriority=\"high\" decoding=\"async\" width=\"1200\" height=\"388\" src=\"https:\/\/www.solfrance.fr\/ailes-paramoteur\/wp-content\/uploads\/sites\/3\/2025\/03\/passageiro-topo-2.jpg\" class=\"attachment-full size-full wp-image-4358\" alt=\"\" srcset=\"https:\/\/www.solfrance.fr\/ailes-paramoteur\/wp-content\/uploads\/sites\/3\/2025\/03\/passageiro-topo-2.jpg 1200w, https:\/\/www.solfrance.fr\/ailes-paramoteur\/wp-content\/uploads\/sites\/3\/2025\/03\/passageiro-topo-2-300x97.jpg 300w, https:\/\/www.solfrance.fr\/ailes-paramoteur\/wp-content\/uploads\/sites\/3\/2025\/03\/passageiro-topo-2-1024x331.jpg 1024w, https:\/\/www.solfrance.fr\/ailes-paramoteur\/wp-content\/uploads\/sites\/3\/2025\/03\/passageiro-topo-2-768x248.jpg 768w\" sizes=\"(max-width: 1200px) 100vw, 1200px\" \/>\t\t\t\t\t\t\t\t\t\t\t\t\t\t\t<\/div>\n\t\t\t\t<\/div>\n\t\t\t\t<\/div>\n\t\t<div class=\"elementor-element elementor-element-a49e30a e-flex e-con-boxed e-con e-parent\" data-id=\"a49e30a\" data-element_type=\"container\" data-e-type=\"container\">\n\t\t\t\t\t<div class=\"e-con-inner\">\n\t\t\t\t<div class=\"elementor-element elementor-element-a48aad1 elementor-widget elementor-widget-text-editor\" data-id=\"a48aad1\" data-element_type=\"widget\" data-e-type=\"widget\" data-widget_type=\"text-editor.default\">\n\t\t\t\t<div class=\"elementor-widget-container\">\n\t\t\t\t\t\t\t\t\t<h2>Sellette passager\u00a0 Paratrike<\/h2>\t\t\t\t\t\t\t\t<\/div>\n\t\t\t\t<\/div>\n\t\t\t\t\t<\/div>\n\t\t\t\t<\/div>\n\t\t<div class=\"elementor-element elementor-element-e9be11e e-flex e-con-boxed e-con e-parent\" data-id=\"e9be11e\" data-element_type=\"container\" data-e-type=\"container\">\n\t\t\t\t\t<div class=\"e-con-inner\">\n\t\t\t\t<div class=\"elementor-element elementor-element-2789bce elementor-widget elementor-widget-text-editor\" data-id=\"2789bce\" data-element_type=\"widget\" data-e-type=\"widget\" data-widget_type=\"text-editor.default\">\n\t\t\t\t<div class=\"elementor-widget-container\">\n\t\t\t\t\t\t\t\t\t<p>Elle a \u00e9t\u00e9 d\u00e9velopp\u00e9e pour \u00eatre utilis\u00e9e par les passagers des vols Paratrike. Avec la structure de la parachute, le si\u00e8ge est un \u00e9l\u00e9ment fondamental pour le confort et la s\u00e9curit\u00e9 du passager pendant le vol.<\/p><p>Nous avons recherch\u00e9 le confort sans prise de poids et ins\u00e9r\u00e9 les besoins d\u2019utilisation qui \u00e9voluent de plus en plus sur le march\u00e9.<\/p><hr \/><p>\u00a0<\/p><table class=\"table table-condensed\" border=\"0\" cellspacing=\"1\" cellpadding=\"1\" align=\"center\"><tbody><tr><td><h4>Tailles<\/h4>Unique<\/td><td><h4>Couleur<\/h4>noir<\/td><\/tr><\/tbody><\/table>\t\t\t\t\t\t\t\t<\/div>\n\t\t\t\t<\/div>\n\t\t\t\t\t<\/div>\n\t\t\t\t<\/div>\n\t\t<div class=\"elementor-element elementor-element-7c9128d e-flex e-con-boxed e-con e-parent\" data-id=\"7c9128d\" data-element_type=\"container\" data-e-type=\"container\">\n\t\t\t\t\t<div class=\"e-con-inner\">\n\t\t\t\t<div class=\"elementor-element elementor-element-7b927e6 elementor-widget elementor-widget-gallery\" data-id=\"7b927e6\" data-element_type=\"widget\" data-e-type=\"widget\" data-settings=\"{&quot;columns&quot;:5,&quot;lazyload&quot;:&quot;yes&quot;,&quot;gallery_layout&quot;:&quot;grid&quot;,&quot;columns_tablet&quot;:2,&quot;columns_mobile&quot;:1,&quot;gap&quot;:{&quot;unit&quot;:&quot;px&quot;,&quot;size&quot;:10,&quot;sizes&quot;:[]},&quot;gap_tablet&quot;:{&quot;unit&quot;:&quot;px&quot;,&quot;size&quot;:10,&quot;sizes&quot;:[]},&quot;gap_mobile&quot;:{&quot;unit&quot;:&quot;px&quot;,&quot;size&quot;:10,&quot;sizes&quot;:[]},&quot;link_to&quot;:&quot;file&quot;,&quot;aspect_ratio&quot;:&quot;3:2&quot;,&quot;overlay_background&quot;:&quot;yes&quot;,&quot;content_hover_animation&quot;:&quot;fade-in&quot;}\" data-widget_type=\"gallery.default\">\n\t\t\t\t<div class=\"elementor-widget-container\">\n\t\t\t\t\t\t\t<div class=\"elementor-gallery__container\">\n\t\t\t\t\t\t\t<a class=\"e-gallery-item elementor-gallery-item elementor-animated-content\" href=\"https:\/\/www.solfrance.fr\/ailes-paramoteur\/wp-content\/uploads\/sites\/3\/2025\/03\/64_1704-1.jpg\" data-elementor-open-lightbox=\"yes\" data-elementor-lightbox-slideshow=\"7b927e6\" data-elementor-lightbox-title=\"64_1704\" data-e-action-hash=\"#elementor-action%3Aaction%3Dlightbox%26settings%3DeyJpZCI6NDM1OSwidXJsIjoiaHR0cHM6XC9cL3d3dy5zb2xmcmFuY2UuZnJcL2FpbGVzLXBhcmFtb3RldXJcL3dwLWNvbnRlbnRcL3VwbG9hZHNcL3NpdGVzXC8zXC8yMDI1XC8wM1wvNjRfMTcwNC0xLmpwZyIsInNsaWRlc2hvdyI6IjdiOTI3ZTYifQ%3D%3D\">\n\t\t\t\t\t<div class=\"e-gallery-image elementor-gallery-item__image\" data-thumbnail=\"https:\/\/www.solfrance.fr\/ailes-paramoteur\/wp-content\/uploads\/sites\/3\/2025\/03\/64_1704-1-300x300.jpg\" data-width=\"300\" data-height=\"300\" aria-label=\"\" role=\"img\" ><\/div>\n\t\t\t\t\t\t\t\t\t\t\t<div class=\"elementor-gallery-item__overlay\"><\/div>\n\t\t\t\t\t\t\t\t\t\t\t\t\t\t<\/a>\n\t\t\t\t\t\t\t<a class=\"e-gallery-item elementor-gallery-item elementor-animated-content\" href=\"https:\/\/www.solfrance.fr\/ailes-paramoteur\/wp-content\/uploads\/sites\/3\/2025\/03\/64_1705-1.jpg\" data-elementor-open-lightbox=\"yes\" data-elementor-lightbox-slideshow=\"7b927e6\" data-elementor-lightbox-title=\"64_1705\" data-e-action-hash=\"#elementor-action%3Aaction%3Dlightbox%26settings%3DeyJpZCI6NDM2MCwidXJsIjoiaHR0cHM6XC9cL3d3dy5zb2xmcmFuY2UuZnJcL2FpbGVzLXBhcmFtb3RldXJcL3dwLWNvbnRlbnRcL3VwbG9hZHNcL3NpdGVzXC8zXC8yMDI1XC8wM1wvNjRfMTcwNS0xLmpwZyIsInNsaWRlc2hvdyI6IjdiOTI3ZTYifQ%3D%3D\">\n\t\t\t\t\t<div class=\"e-gallery-image elementor-gallery-item__image\" data-thumbnail=\"https:\/\/www.solfrance.fr\/ailes-paramoteur\/wp-content\/uploads\/sites\/3\/2025\/03\/64_1705-1-300x300.jpg\" data-width=\"300\" data-height=\"300\" aria-label=\"\" role=\"img\" ><\/div>\n\t\t\t\t\t\t\t\t\t\t\t<div class=\"elementor-gallery-item__overlay\"><\/div>\n\t\t\t\t\t\t\t\t\t\t\t\t\t\t<\/a>\n\t\t\t\t\t\t\t<a class=\"e-gallery-item elementor-gallery-item elementor-animated-content\" href=\"https:\/\/www.solfrance.fr\/ailes-paramoteur\/wp-content\/uploads\/sites\/3\/2025\/03\/64_1706-1.jpg\" data-elementor-open-lightbox=\"yes\" data-elementor-lightbox-slideshow=\"7b927e6\" data-elementor-lightbox-title=\"64_1706\" data-e-action-hash=\"#elementor-action%3Aaction%3Dlightbox%26settings%3DeyJpZCI6NDM2MSwidXJsIjoiaHR0cHM6XC9cL3d3dy5zb2xmcmFuY2UuZnJcL2FpbGVzLXBhcmFtb3RldXJcL3dwLWNvbnRlbnRcL3VwbG9hZHNcL3NpdGVzXC8zXC8yMDI1XC8wM1wvNjRfMTcwNi0xLmpwZyIsInNsaWRlc2hvdyI6IjdiOTI3ZTYifQ%3D%3D\">\n\t\t\t\t\t<div class=\"e-gallery-image elementor-gallery-item__image\" data-thumbnail=\"https:\/\/www.solfrance.fr\/ailes-paramoteur\/wp-content\/uploads\/sites\/3\/2025\/03\/64_1706-1-300x300.jpg\" data-width=\"300\" data-height=\"300\" aria-label=\"\" role=\"img\" ><\/div>\n\t\t\t\t\t\t\t\t\t\t\t<div class=\"elementor-gallery-item__overlay\"><\/div>\n\t\t\t\t\t\t\t\t\t\t\t\t\t\t<\/a>\n\t\t\t\t\t\t\t<a class=\"e-gallery-item elementor-gallery-item elementor-animated-content\" href=\"https:\/\/www.solfrance.fr\/ailes-paramoteur\/wp-content\/uploads\/sites\/3\/2025\/03\/64_1707-1.jpg\" data-elementor-open-lightbox=\"yes\" data-elementor-lightbox-slideshow=\"7b927e6\" data-elementor-lightbox-title=\"64_1707\" data-e-action-hash=\"#elementor-action%3Aaction%3Dlightbox%26settings%3DeyJpZCI6NDM2MiwidXJsIjoiaHR0cHM6XC9cL3d3dy5zb2xmcmFuY2UuZnJcL2FpbGVzLXBhcmFtb3RldXJcL3dwLWNvbnRlbnRcL3VwbG9hZHNcL3NpdGVzXC8zXC8yMDI1XC8wM1wvNjRfMTcwNy0xLmpwZyIsInNsaWRlc2hvdyI6IjdiOTI3ZTYifQ%3D%3D\">\n\t\t\t\t\t<div class=\"e-gallery-image elementor-gallery-item__image\" data-thumbnail=\"https:\/\/www.solfrance.fr\/ailes-paramoteur\/wp-content\/uploads\/sites\/3\/2025\/03\/64_1707-1-300x300.jpg\" data-width=\"300\" data-height=\"300\" aria-label=\"\" role=\"img\" ><\/div>\n\t\t\t\t\t\t\t\t\t\t\t<div class=\"elementor-gallery-item__overlay\"><\/div>\n\t\t\t\t\t\t\t\t\t\t\t\t\t\t<\/a>\n\t\t\t\t\t\t\t<a class=\"e-gallery-item elementor-gallery-item elementor-animated-content\" href=\"https:\/\/www.solfrance.fr\/ailes-paramoteur\/wp-content\/uploads\/sites\/3\/2025\/03\/64_1708-1.jpg\" data-elementor-open-lightbox=\"yes\" data-elementor-lightbox-slideshow=\"7b927e6\" data-elementor-lightbox-title=\"64_1708\" data-e-action-hash=\"#elementor-action%3Aaction%3Dlightbox%26settings%3DeyJpZCI6NDM2MywidXJsIjoiaHR0cHM6XC9cL3d3dy5zb2xmcmFuY2UuZnJcL2FpbGVzLXBhcmFtb3RldXJcL3dwLWNvbnRlbnRcL3VwbG9hZHNcL3NpdGVzXC8zXC8yMDI1XC8wM1wvNjRfMTcwOC0xLmpwZyIsInNsaWRlc2hvdyI6IjdiOTI3ZTYifQ%3D%3D\">\n\t\t\t\t\t<div class=\"e-gallery-image elementor-gallery-item__image\" data-thumbnail=\"https:\/\/www.solfrance.fr\/ailes-paramoteur\/wp-content\/uploads\/sites\/3\/2025\/03\/64_1708-1-300x300.jpg\" data-width=\"300\" data-height=\"300\" aria-label=\"\" role=\"img\" ><\/div>\n\t\t\t\t\t\t\t\t\t\t\t<div class=\"elementor-gallery-item__overlay\"><\/div>\n\t\t\t\t\t\t\t\t\t\t\t\t\t\t<\/a>\n\t\t\t\t\t<\/div>\n\t\t\t\t\t<\/div>\n\t\t\t\t<\/div>\n\t\t\t\t\t<\/div>\n\t\t\t\t<\/div>\n\t\t<div class=\"elementor-element elementor-element-5880485 e-flex e-con-boxed e-con e-parent\" data-id=\"5880485\" data-element_type=\"container\" data-e-type=\"container\">\n\t\t\t\t\t<div class=\"e-con-inner\">\n\t\t\t\t<div class=\"elementor-element elementor-element-b39a42b elementor-widget elementor-widget-text-editor\" data-id=\"b39a42b\" data-element_type=\"widget\" data-e-type=\"widget\" data-widget_type=\"text-editor.default\">\n\t\t\t\t<div class=\"elementor-widget-container\">\n\t\t\t\t\t\t\t\t\t<section class=\"elementor-section elementor-top-section elementor-element elementor-element-e8ecff5 elementor-section-boxed elementor-section-height-default elementor-section-height-default\" data-particle_enable=\"false\" data-particle-mobile-disabled=\"false\" data-id=\"e8ecff5\" data-element_type=\"section\"><div class=\"elementor-container elementor-column-gap-default\"><div class=\"elementor-column elementor-col-100 elementor-top-column elementor-element elementor-element-2e44734\" data-id=\"2e44734\" data-element_type=\"column\"><div class=\"elementor-widget-wrap elementor-element-populated\"><div class=\"elementor-element elementor-element-06afdd8 elementor-widget elementor-widget-text-editor\" data-id=\"06afdd8\" data-element_type=\"widget\" data-widget_type=\"text-editor.default\"><div class=\"elementor-widget-container\"><h4>Caract\u00e9ristiques<\/h4><table class=\"table table-condensed\" border=\"0\" cellspacing=\"1\" cellpadding=\"1\"><tbody><tr><td><ol><li>Boucle automatique au niveau du point d\u2019attache de l\u2019\u00e9paule. Sangles de fixation pour fermeture automatique de 90 cm de long.<\/li><li>Ancrage inf\u00e9rieur pour un meilleur positionnement du passager donnant une meilleure visibilit\u00e9 pour le pilote<\/li><li>Poche lat\u00e9rale pour un acc\u00e8s facile<\/li><li>Poche de rangement \u00e0 l\u2019arri\u00e8re pour le pilote<\/li><li>Points de fixation en velcro sous le si\u00e8ge<\/li><li>Points de fixation lat\u00e9raux avec s\u00e9parateur en acier inoxydable<\/li><li>Points de fixation en velcro \u00e0 l\u2019avant<\/li><li>Mousse de confort haute densit\u00e9, amovible pour un entretien et un nettoyage facile.<\/li><li>R\u00e9glage de l\u2019\u00e9paule avec boucles en acier inoxydable<\/li><li>Ajustement ventral avec double boucles automatique avec sangle anti oubli de s\u00e9curit\u00e9 en rouge.<\/li><\/ol><\/td><td><img decoding=\"async\" class=\"alignnone size-full wp-image-4367\" src=\"https:\/\/www.solfrance.fr\/ailes-paramoteur\/wp-content\/uploads\/sites\/3\/2025\/03\/passageiro_detalhes-1.jpg\" alt=\"\" width=\"415\" height=\"600\" srcset=\"https:\/\/www.solfrance.fr\/ailes-paramoteur\/wp-content\/uploads\/sites\/3\/2025\/03\/passageiro_detalhes-1.jpg 415w, https:\/\/www.solfrance.fr\/ailes-paramoteur\/wp-content\/uploads\/sites\/3\/2025\/03\/passageiro_detalhes-1-208x300.jpg 208w\" sizes=\"(max-width: 415px) 100vw, 415px\" \/><\/td><\/tr><\/tbody><\/table><\/div><\/div><\/div><\/div><\/div><\/section><section class=\"elementor-section elementor-top-section elementor-element elementor-element-e804c1c elementor-section-boxed elementor-section-height-default elementor-section-height-default\" data-particle_enable=\"false\" data-particle-mobile-disabled=\"false\" data-id=\"e804c1c\" data-element_type=\"section\"><div class=\"elementor-container elementor-column-gap-default\"><div class=\"elementor-column elementor-col-100 elementor-top-column elementor-element elementor-element-93b3966\" data-id=\"93b3966\" data-element_type=\"column\"><div class=\"elementor-widget-wrap elementor-element-populated\"><div class=\"elementor-element elementor-element-be55a58 elementor-widget elementor-widget-text-editor\" data-id=\"be55a58\" data-element_type=\"widget\" data-widget_type=\"text-editor.default\"><div class=\"elementor-widget-container\"><h4>Syst\u00e8me de fixation de la partie sup\u00e9rieur et r\u00e9glage du passager<\/h4><table class=\"table table-condensed\" border=\"0\" cellspacing=\"1\" cellpadding=\"1\" align=\"center\"><tbody><tr><td><p>1. Il est \u00e9quip\u00e9 de deux boucles automatiques au niveau du point d\u2019attache de l\u2019\u00e9paule.<\/p><p>2. Ancrage inf\u00e9rieur des mousquetons, ils font partie du syst\u00e8me de fixation sup\u00e9rieur donnant une plus grande visibilit\u00e9 et un plus grand confort au pilote.<\/p><p>3. R\u00e9glage lombaire avec finition en n\u00e9opr\u00e8ne et r\u00e9glage en acier inoxydable<\/p><p>4. R\u00e9glage des \u00e9paules avec mousse de confort<\/p><p>5. R\u00e9glage ventral par double boucles automatiques avec sangle anti oubli rouge<\/p><p>6. Poche facile d\u2019acc\u00e8s<\/p><\/td><td><img decoding=\"async\" class=\"alignnone wp-image-4366 size-full\" src=\"https:\/\/www.solfrance.fr\/ailes-paramoteur\/wp-content\/uploads\/sites\/3\/2025\/03\/passageiro_fixacaosuperior-1.jpg\" alt=\"\" width=\"348\" height=\"500\" srcset=\"https:\/\/www.solfrance.fr\/ailes-paramoteur\/wp-content\/uploads\/sites\/3\/2025\/03\/passageiro_fixacaosuperior-1.jpg 348w, https:\/\/www.solfrance.fr\/ailes-paramoteur\/wp-content\/uploads\/sites\/3\/2025\/03\/passageiro_fixacaosuperior-1-209x300.jpg 209w\" sizes=\"(max-width: 348px) 100vw, 348px\" \/><\/td><\/tr><\/tbody><\/table><\/div><\/div><\/div><\/div><\/div><\/section><section class=\"elementor-section elementor-top-section elementor-element elementor-element-32dd8a8 elementor-section-boxed elementor-section-height-default elementor-section-height-default\" data-particle_enable=\"false\" data-particle-mobile-disabled=\"false\" data-id=\"32dd8a8\" data-element_type=\"section\"><div class=\"elementor-container elementor-column-gap-default\"><div class=\"elementor-column elementor-col-100 elementor-top-column elementor-element elementor-element-451c322\" data-id=\"451c322\" data-element_type=\"column\"><div class=\"elementor-widget-wrap elementor-element-populated\"><div class=\"elementor-element elementor-element-8188b9e elementor-widget elementor-widget-text-editor\" data-id=\"8188b9e\" data-element_type=\"widget\" data-widget_type=\"text-editor.default\"><div class=\"elementor-widget-container\"><table class=\"table table-condensed\" border=\"0\" cellspacing=\"1\" cellpadding=\"1\" align=\"center\"><tbody><tr><td><h4>Syst\u00e8me de fixation de la partie inf\u00e9rieur<\/h4><\/td><td>\u00a0<\/td><\/tr><tr><td><br \/>1. L\u2019avant \u00a0s\u2019attache\u00a0par deux velcro au cadre du ch\u00e2ssis<br \/><br \/>2. Fond \u2013 sous le si\u00e8ge en velcro<br \/><br \/>3. Lat\u00e9ral \u2013 avec une sangle et un s\u00e9parateur en acier inoxydable, le passager reste plus attach\u00e9 \u00e0 la structure et ne provoque pas de surcharge dans le paratrike.<\/td><td><img loading=\"lazy\" decoding=\"async\" class=\"alignnone wp-image-4365 size-full\" src=\"https:\/\/www.solfrance.fr\/ailes-paramoteur\/wp-content\/uploads\/sites\/3\/2025\/03\/passageiro_fixacaoinferior-1.jpg\" alt=\"\" width=\"393\" height=\"300\" srcset=\"https:\/\/www.solfrance.fr\/ailes-paramoteur\/wp-content\/uploads\/sites\/3\/2025\/03\/passageiro_fixacaoinferior-1.jpg 393w, https:\/\/www.solfrance.fr\/ailes-paramoteur\/wp-content\/uploads\/sites\/3\/2025\/03\/passageiro_fixacaoinferior-1-300x229.jpg 300w\" sizes=\"(max-width: 393px) 100vw, 393px\" \/><\/td><\/tr><\/tbody><\/table><\/div><\/div><\/div><\/div><\/div><\/section><section class=\"elementor-section elementor-top-section elementor-element elementor-element-8b371d0 elementor-section-boxed elementor-section-height-default elementor-section-height-default\" data-particle_enable=\"false\" data-particle-mobile-disabled=\"false\" data-id=\"8b371d0\" data-element_type=\"section\"><div class=\"elementor-container elementor-column-gap-default\"><div class=\"elementor-column elementor-col-100 elementor-top-column elementor-element elementor-element-1482fc0\" data-id=\"1482fc0\" data-element_type=\"column\"><div class=\"elementor-widget-wrap elementor-element-populated\"><div class=\"elementor-element elementor-element-7ad3cbc elementor-widget elementor-widget-text-editor\" data-id=\"7ad3cbc\" data-element_type=\"widget\" data-widget_type=\"text-editor.default\"><div class=\"elementor-widget-container\"><h4>Compatibilit\u00e9<\/h4><div><ul><li>Utilisation exclusive en paratrike pour une ou deux personnes, qui a une structure de cage de protection (style Fenix)\u00a0<\/li><\/ul><\/div><h4>Mode d\u2019emploi<\/h4><p>Utilis\u00e9e et install\u00e9e sur la structure m\u00e9tallique du paratrike, \u00e9tant positionn\u00e9e devant la sellette du pilote dans la partie avant de la structure. Apr\u00e8s avoir \u00e9t\u00e9 install\u00e9e dans les points de connexion du ch\u00e2ssis dans la partie avant o\u00f9 le passager doit \u00eatre positionn\u00e9.<\/p><p>Le passager doit s\u2019asseoir sur le si\u00e8ge et passer les sangles sur les \u00e9paules, puis trouver la ventrale form\u00e9e de 2 boucles en T avec la sangle anti oubli. Apr\u00e8s avoir effectu\u00e9 les connexions n\u00e9cessaires, le passager pourra commencer son vol en toute s\u00e9curit\u00e9 sur le paratrike.<\/p><p>Note : Il est du devoir du pilote de v\u00e9rifier la connexion du si\u00e8ge avant le d\u00e9collage.<\/p><h4><br \/>\u00a0Tableau des donn\u00e9es<\/h4><table class=\"table table-condensed table-striped\" border=\"0\" cellspacing=\"1\" cellpadding=\"1\"><tbody><tr><td>\u00a0<\/td><td><h4><strong>Unique<\/strong><\/h4><\/td><td>\u00a0<\/td><\/tr><tr><td>Largeur de l\u2019assise<\/td><td>44<\/td><td>cm<\/td><\/tr><tr><td>Longueur de l\u2019assise<\/td><td>36<\/td><td>cm<\/td><\/tr><tr><td>Poids<\/td><td>2.460 kg<\/td><td>kg<\/td><\/tr><\/tbody><\/table><div><hr \/>\u00a0<h4>Guide des tailles<\/h4><div><br \/><img loading=\"lazy\" decoding=\"async\" class=\"alignnone wp-image-4364 size-full\" src=\"https:\/\/www.solfrance.fr\/ailes-paramoteur\/wp-content\/uploads\/sites\/3\/2025\/03\/ASSENTO-PARATRIKE-PASSAGEIRO-Tabela-Peso-x-Altura-BR-2-scaled.jpg\" alt=\"\" width=\"2560\" height=\"663\" srcset=\"https:\/\/www.solfrance.fr\/ailes-paramoteur\/wp-content\/uploads\/sites\/3\/2025\/03\/ASSENTO-PARATRIKE-PASSAGEIRO-Tabela-Peso-x-Altura-BR-2-scaled.jpg 2560w, https:\/\/www.solfrance.fr\/ailes-paramoteur\/wp-content\/uploads\/sites\/3\/2025\/03\/ASSENTO-PARATRIKE-PASSAGEIRO-Tabela-Peso-x-Altura-BR-2-300x78.jpg 300w, https:\/\/www.solfrance.fr\/ailes-paramoteur\/wp-content\/uploads\/sites\/3\/2025\/03\/ASSENTO-PARATRIKE-PASSAGEIRO-Tabela-Peso-x-Altura-BR-2-1024x265.jpg 1024w, https:\/\/www.solfrance.fr\/ailes-paramoteur\/wp-content\/uploads\/sites\/3\/2025\/03\/ASSENTO-PARATRIKE-PASSAGEIRO-Tabela-Peso-x-Altura-BR-2-768x199.jpg 768w, https:\/\/www.solfrance.fr\/ailes-paramoteur\/wp-content\/uploads\/sites\/3\/2025\/03\/ASSENTO-PARATRIKE-PASSAGEIRO-Tabela-Peso-x-Altura-BR-2-1536x398.jpg 1536w, https:\/\/www.solfrance.fr\/ailes-paramoteur\/wp-content\/uploads\/sites\/3\/2025\/03\/ASSENTO-PARATRIKE-PASSAGEIRO-Tabela-Peso-x-Altura-BR-2-2048x530.jpg 2048w\" sizes=\"(max-width: 2560px) 100vw, 2560px\" \/><\/div><\/div><\/div><\/div><\/div><\/div><\/div><\/section>\t\t\t\t\t\t\t\t<\/div>\n\t\t\t\t<\/div>\n\t\t\t\t\t<\/div>\n\t\t\t\t<\/div>\n\t\t\t\t<\/div>\n\t\t","protected":false},"excerpt":{"rendered":"<p>Sellette passager\u00a0 Paratrike Elle a \u00e9t\u00e9 d\u00e9velopp\u00e9e pour \u00eatre utilis\u00e9e par les passagers des vols Paratrike. Avec la structure de la parachute, le si\u00e8ge est un \u00e9l\u00e9ment fondamental pour le confort et la s\u00e9curit\u00e9 du passager pendant le vol. Nous avons recherch\u00e9 le confort sans prise de poids et ins\u00e9r\u00e9 les besoins d\u2019utilisation qui \u00e9voluent [&hellip;]<\/p>\n","protected":false},"author":1,"featured_media":0,"parent":0,"menu_order":0,"comment_status":"closed","ping_status":"closed","template":"","meta":{"cybocfi_hide_featured_image":"","footnotes":""},"class_list":["post-4356","page","type-page","status-publish","hentry"],"aioseo_notices":[],"_links":{"self":[{"href":"https:\/\/www.solfrance.fr\/ailes-paramoteur\/wp-json\/wp\/v2\/pages\/4356","targetHints":{"allow":["GET"]}}],"collection":[{"href":"https:\/\/www.solfrance.fr\/ailes-paramoteur\/wp-json\/wp\/v2\/pages"}],"about":[{"href":"https:\/\/www.solfrance.fr\/ailes-paramoteur\/wp-json\/wp\/v2\/types\/page"}],"author":[{"embeddable":true,"href":"https:\/\/www.solfrance.fr\/ailes-paramoteur\/wp-json\/wp\/v2\/users\/1"}],"replies":[{"embeddable":true,"href":"https:\/\/www.solfrance.fr\/ailes-paramoteur\/wp-json\/wp\/v2\/comments?post=4356"}],"version-history":[{"count":13,"href":"https:\/\/www.solfrance.fr\/ailes-paramoteur\/wp-json\/wp\/v2\/pages\/4356\/revisions"}],"predecessor-version":[{"id":5056,"href":"https:\/\/www.solfrance.fr\/ailes-paramoteur\/wp-json\/wp\/v2\/pages\/4356\/revisions\/5056"}],"wp:attachment":[{"href":"https:\/\/www.solfrance.fr\/ailes-paramoteur\/wp-json\/wp\/v2\/media?parent=4356"}],"curies":[{"name":"wp","href":"https:\/\/api.w.org\/{rel}","templated":true}]}}