{"id":4608,"date":"2025-03-05T10:55:07","date_gmt":"2025-03-05T10:55:07","guid":{"rendered":"https:\/\/www.solfrance.fr\/ailes-paramoteur\/learn-to-fly\/"},"modified":"2026-02-13T18:46:28","modified_gmt":"2026-02-13T18:46:28","slug":"learn-to-fly","status":"publish","type":"page","link":"https:\/\/www.solfrance.fr\/ailes-paramoteur\/learn-to-fly\/","title":{"rendered":"Apprend \u00e0 voler"},"content":{"rendered":"\t\t<div data-elementor-type=\"wp-page\" data-elementor-id=\"4608\" class=\"elementor elementor-4608\" data-elementor-post-type=\"page\">\n\t\t\t\t<div class=\"elementor-element elementor-element-6ee2a62 e-con-full e-flex e-con e-parent\" data-id=\"6ee2a62\" data-element_type=\"container\" data-e-type=\"container\">\n\t\t\t\t<div class=\"elementor-element elementor-element-f10cfc6 elementor-widget elementor-widget-video\" data-id=\"f10cfc6\" data-element_type=\"widget\" data-e-type=\"widget\" data-settings=\"{&quot;video_type&quot;:&quot;hosted&quot;,&quot;controls&quot;:&quot;yes&quot;}\" data-widget_type=\"video.default\">\n\t\t\t\t<div class=\"elementor-widget-container\">\n\t\t\t\t\t\t\t<div class=\"e-hosted-video elementor-wrapper elementor-open-inline\">\n\t\t\t\t\t<video class=\"elementor-video\" src=\"https:\/\/www.solfrance.fr\/wp-content\/uploads\/2025\/02\/parapente-roquebrune-cap-martin.mp4\" controls=\"\" preload=\"metadata\" controlsList=\"nodownload\"><\/video>\n\t\t\t\t<\/div>\n\t\t\t\t\t\t<\/div>\n\t\t\t\t<\/div>\n\t\t\t\t<\/div>\n\t\t<div class=\"elementor-element elementor-element-33ff598 e-flex e-con-boxed e-con e-parent\" data-id=\"33ff598\" data-element_type=\"container\" data-e-type=\"container\">\n\t\t\t\t\t<div class=\"e-con-inner\">\n\t\t\t\t<div class=\"elementor-element elementor-element-39eb39d elementor-widget elementor-widget-text-editor\" data-id=\"39eb39d\" data-element_type=\"widget\" data-e-type=\"widget\" data-widget_type=\"text-editor.default\">\n\t\t\t\t<div class=\"elementor-widget-container\">\n\t\t\t\t\t\t\t\t\t<p>Si vous avez toujours voulu piloter un parapente ou un paramoteur, c&rsquo;est peut-\u00eatre ce qu&rsquo;il vous faut !<\/p><p>La premi\u00e8re \u00e9tape consiste \u00e0 trouver une \u00e9cole certifi\u00e9e pour suivre des cours th\u00e9oriques et pratiques sur la s\u00e9curit\u00e9, les techniques de vol et les proc\u00e9dures d&rsquo;urgence. Ce n&rsquo;est pas si difficile et c&rsquo;est le moyen le plus s\u00fbr d&rsquo;obtenir votre qualification de pilote.<\/p><p>La deuxi\u00e8me \u00e9tape est l&rsquo;obtention du dipl\u00f4me et le vol en solo qui s&rsquo;ensuit. Une fois le dipl\u00f4me obtenu, vous pouvez voler et op\u00e9rer de mani\u00e8re ind\u00e9pendante. Le parapente est facile \u00e0 apprendre, mais difficile \u00e0 ma\u00eetriser. Comme pour tout type d&rsquo;aviation, vous devez continuer \u00e0 apprendre. Votre qualification de pilote n&rsquo;est qu&rsquo;une licence qui vous permet d&rsquo;am\u00e9liorer vos comp\u00e9tences et ce processus ne s&rsquo;arr\u00eate jamais.<\/p>\t\t\t\t\t\t\t\t<\/div>\n\t\t\t\t<\/div>\n\t\t\t\t\t<\/div>\n\t\t\t\t<\/div>\n\t\t<div class=\"elementor-element elementor-element-cd4ef90 e-flex e-con-boxed e-con e-parent\" data-id=\"cd4ef90\" data-element_type=\"container\" data-e-type=\"container\">\n\t\t\t\t\t<div class=\"e-con-inner\">\n\t\t\t\t<div class=\"elementor-element elementor-element-a21aca3 elementor-widget elementor-widget-text-editor\" data-id=\"a21aca3\" data-element_type=\"widget\" data-e-type=\"widget\" data-widget_type=\"text-editor.default\">\n\t\t\t\t<div class=\"elementor-widget-container\">\n\t\t\t\t\t\t\t\t\t<p>Vous avez sans doute quelques questions &#8230; !<br \/><br \/>O\u00f9 puis-je voler ?<br \/>Vous pouvez voler litt\u00e9ralement n&rsquo;importe o\u00f9, des plaines aux c\u00f4tes en passant par les plus hautes montagnes du monde. De plus, il est possible de voler avec un treuil ou un paramoteur afin d&rsquo;\u00e9largir les possibilit\u00e9s de vol dans les r\u00e9gions plates.<\/p><p>Quelle distance ? Rapidement ?<br \/>Vous pouvez voler tr\u00e8s loin ! Le record du monde est de 564 kilom\u00e8tres (350 miles) et les parapentistes les plus rapides atteignent une vitesse d&rsquo;environ 40 km\/h (25 mph).<\/p><p>Est-ce dangereux ?<\/p><p>Tous les sports a\u00e9riens comportent des risques. A notre avis, la cl\u00e9 d&rsquo;une carri\u00e8re s\u00fbre en parapente est d&rsquo;apprendre dans la meilleure \u00e9cole possible et de faire preuve de discernement avant et pendant chaque vol.<\/p><p>Le parapente est un sport de progression et, pour de nombreux pilotes, un sport qui dure toute la vie avec une vie d&rsquo;apprentissage. VOUS POUVEZ VOLER !<\/p>\t\t\t\t\t\t\t\t<\/div>\n\t\t\t\t<\/div>\n\t\t\t\t\t<\/div>\n\t\t\t\t<\/div>\n\t\t\t\t<\/div>\n\t\t","protected":false},"excerpt":{"rendered":"<p>https:\/\/www.solfrance.fr\/wp-content\/uploads\/2025\/02\/parapente-roquebrune-cap-martin.mp4 Si vous avez toujours voulu piloter un parapente ou un paramoteur, c&rsquo;est peut-\u00eatre ce qu&rsquo;il vous faut ! La premi\u00e8re \u00e9tape consiste \u00e0 trouver une \u00e9cole certifi\u00e9e pour suivre des cours th\u00e9oriques et pratiques sur la s\u00e9curit\u00e9, les techniques de vol et les proc\u00e9dures d&rsquo;urgence. Ce n&rsquo;est pas si difficile et c&rsquo;est le moyen [&hellip;]<\/p>\n","protected":false},"author":1,"featured_media":0,"parent":0,"menu_order":0,"comment_status":"closed","ping_status":"closed","template":"","meta":{"cybocfi_hide_featured_image":"","footnotes":""},"class_list":["post-4608","page","type-page","status-publish","hentry"],"aioseo_notices":[],"_links":{"self":[{"href":"https:\/\/www.solfrance.fr\/ailes-paramoteur\/wp-json\/wp\/v2\/pages\/4608","targetHints":{"allow":["GET"]}}],"collection":[{"href":"https:\/\/www.solfrance.fr\/ailes-paramoteur\/wp-json\/wp\/v2\/pages"}],"about":[{"href":"https:\/\/www.solfrance.fr\/ailes-paramoteur\/wp-json\/wp\/v2\/types\/page"}],"author":[{"embeddable":true,"href":"https:\/\/www.solfrance.fr\/ailes-paramoteur\/wp-json\/wp\/v2\/users\/1"}],"replies":[{"embeddable":true,"href":"https:\/\/www.solfrance.fr\/ailes-paramoteur\/wp-json\/wp\/v2\/comments?post=4608"}],"version-history":[{"count":3,"href":"https:\/\/www.solfrance.fr\/ailes-paramoteur\/wp-json\/wp\/v2\/pages\/4608\/revisions"}],"predecessor-version":[{"id":5005,"href":"https:\/\/www.solfrance.fr\/ailes-paramoteur\/wp-json\/wp\/v2\/pages\/4608\/revisions\/5005"}],"wp:attachment":[{"href":"https:\/\/www.solfrance.fr\/ailes-paramoteur\/wp-json\/wp\/v2\/media?parent=4608"}],"curies":[{"name":"wp","href":"https:\/\/api.w.org\/{rel}","templated":true}]}}