{"id":4630,"date":"2025-03-05T13:08:33","date_gmt":"2025-03-05T13:08:33","guid":{"rendered":"https:\/\/www.solfrance.fr\/ailes-paramoteur\/politique-de-confidentialite\/"},"modified":"2025-03-08T16:22:59","modified_gmt":"2025-03-08T16:22:59","slug":"politique-de-confidentialite","status":"publish","type":"page","link":"https:\/\/www.solfrance.fr\/ailes-paramoteur\/politique-de-confidentialite\/","title":{"rendered":"Politique de confidentialit\u00e9"},"content":{"rendered":"\n<h2 class=\"wp-block-heading\">politique de confidentialit\u00e9<\/h2>\n\n\n\n<p>Votre vie priv\u00e9e est importante pour nous. La politique de Sol Sports est de respecter votre vie priv\u00e9e concernant toute information que nous pouvons collecter aupr\u00e8s de vous sur le site Web de Sol Sports et d&rsquo;autres sites que nous poss\u00e9dons et exploitons.<br><br>Nous ne demandons des informations personnelles que lorsque nous en avons r\u00e9ellement besoin pour vous fournir un service. Nous le faisons par des moyens justes et l\u00e9gaux, avec votre connaissance et votre consentement. Nous vous informons \u00e9galement pourquoi nous les collectons et comment elles seront utilis\u00e9es.<br><br>Nous prot\u00e9geons les donn\u00e9es que nous stockons par des moyens commercialement acceptables afin d\u2019emp\u00eacher toute perte et tout vol, ainsi que tout acc\u00e8s, divulgation, copie, utilisation ou modification non autoris\u00e9s.<br><br>Nous ne partageons aucune information d\u2019identification personnelle publiquement ou avec des tiers, sauf lorsque la loi l\u2019exige.<br><br>Notre site Web peut contenir des liens vers des sites Web externes qui ne sont pas exploit\u00e9s par nous. Veuillez noter que nous n&rsquo;avons aucun contr\u00f4le sur le contenu et les pratiques de ces sites et que nous ne pouvons accepter aucune responsabilit\u00e9 pour leurs politiques de confidentialit\u00e9 respectives.<br><br>Vous \u00eates libre de refuser notre demande de renseignements personnels, sachant que nous pourrions ne pas \u00eatre en mesure de vous fournir certains des services souhait\u00e9s.<br><br>Votre utilisation continue de notre site Web sera consid\u00e9r\u00e9e comme une acceptation de nos pratiques en mati\u00e8re de confidentialit\u00e9 et d\u2019informations personnelles. Si vous avez des questions sur la mani\u00e8re dont nous traitons les donn\u00e9es utilisateur et les informations personnelles, veuillez nous contacter.<\/p>\n\n\n\n<h2 class=\"wp-block-heading\">Politique de cookies de Sol Sports<\/h2>\n\n\n\n<h3 class=\"wp-block-heading\">Que sont les cookies ?<\/h3>\n\n\n\n<p>Comme c&rsquo;est la pratique courante sur presque tous les sites Web professionnels, ce site utilise des cookies, qui sont de minuscules fichiers t\u00e9l\u00e9charg\u00e9s sur votre ordinateur, pour am\u00e9liorer votre exp\u00e9rience. Cette page d\u00e9crit quelles informations ils collectent, comment nous les utilisons et pourquoi nous devons parfois stocker ces cookies.<br><br>Nous vous expliquerons \u00e9galement comment vous pouvez emp\u00eacher le stockage de ces cookies, mais cela peut d\u00e9grader ou endommager certains \u00e9l\u00e9ments de la fonctionnalit\u00e9 du site.<\/p>\n\n\n\n<h3 class=\"wp-block-heading\">Comment utilisons-nous les cookies ?<\/h3>\n\n\n\n<p>Nous utilisons des cookies pour diverses raisons, d\u00e9taill\u00e9es ci-dessous. Malheureusement, dans la plupart des cas, il n\u2019existe pas d\u2019options standard du secteur permettant de d\u00e9sactiver les cookies sans d\u00e9sactiver compl\u00e8tement les fonctionnalit\u00e9s et les caract\u00e9ristiques qu\u2019ils ajoutent \u00e0 ce site.<br><br>Il est recommand\u00e9 de laisser tous les cookies activ\u00e9s si vous n&rsquo;\u00eates pas s\u00fbr d&rsquo;en avoir besoin ou non au cas o\u00f9 ils seraient utilis\u00e9s pour fournir un service que vous utilisez.<\/p>\n\n\n\n<h3 class=\"wp-block-heading\">D\u00e9sactiver les cookies<\/h3>\n\n\n\n<p>Vous pouvez emp\u00eacher l&rsquo;installation de cookies en modifiant les param\u00e8tres de votre navigateur (consultez l&rsquo;aide de votre navigateur pour savoir comment proc\u00e9der).<br><br>Veuillez noter que la d\u00e9sactivation des cookies affectera la fonctionnalit\u00e9 de ce site Web et de nombreux autres que vous visitez.<br><br>La d\u00e9sactivation des cookies entra\u00eenera g\u00e9n\u00e9ralement \u00e9galement la d\u00e9sactivation de certaines fonctionnalit\u00e9s et caract\u00e9ristiques de ce site. Il est donc recommand\u00e9 de ne pas d\u00e9sactiver les cookies.<\/p>\n\n\n\n<h2 class=\"wp-block-heading\">Cookies que nous installons&nbsp;&nbsp;&nbsp;&nbsp;<\/h2>\n\n\n\n<h3 class=\"wp-block-heading\">Cookies li\u00e9s au compte<\/h3>\n\n\n\n<p>Si vous cr\u00e9ez un compte chez nous, nous utiliserons des cookies pour la gestion du processus d&rsquo;inscription et l&rsquo;administration g\u00e9n\u00e9rale. Ces cookies seront g\u00e9n\u00e9ralement supprim\u00e9s lorsque vous vous d\u00e9connectez, mais dans certains cas, ils peuvent rester par la suite pour m\u00e9moriser vos pr\u00e9f\u00e9rences de site lorsque vous vous d\u00e9connectez.<\/p>\n\n\n\n<h3 class=\"wp-block-heading\">Cookies li\u00e9s \u00e0 la connexion<\/h3>\n\n\n\n<p>Nous utilisons des cookies lorsque vous \u00eates connect\u00e9 afin que nous puissions m\u00e9moriser cette action. Cela vous \u00e9vite de devoir vous connecter \u00e0 chaque fois que vous visitez une nouvelle page. Ces cookies sont g\u00e9n\u00e9ralement supprim\u00e9s ou effac\u00e9s lorsque vous vous d\u00e9connectez pour garantir que vous ne pouvez acc\u00e9der qu&rsquo;aux fonctionnalit\u00e9s et zones restreintes lorsque vous \u00eates connect\u00e9.<\/p>\n\n\n\n<h3 class=\"wp-block-heading\">\u00b7 Cookies li\u00e9s \u00e0 la newsletter par courrier \u00e9lectronique<\/h3>\n\n\n\n<p>Ce site propose des services d&rsquo;abonnement \u00e0 des newsletters ou \u00e0 des e-mails et des cookies peuvent \u00eatre utilis\u00e9s pour se souvenir si vous \u00eates d\u00e9j\u00e0 inscrit et pour savoir s&rsquo;il faut afficher certaines notifications qui pourraient n&rsquo;\u00eatre valables que pour les utilisateurs abonn\u00e9s\/d\u00e9sabonn\u00e9s.<\/p>\n\n\n\n<h3 class=\"wp-block-heading\">\u00b7 Cookies li\u00e9s \u00e0 la recherche<\/h3>\n\n\n\n<p>Nous proposons p\u00e9riodiquement des enqu\u00eates et des questionnaires pour vous fournir des informations int\u00e9ressantes, des outils utiles ou pour mieux comprendre notre base d&rsquo;utilisateurs. Ces enqu\u00eates peuvent utiliser des cookies pour se souvenir qui a d\u00e9j\u00e0 particip\u00e9 \u00e0 une enqu\u00eate ou pour vous fournir des r\u00e9sultats pr\u00e9cis apr\u00e8s avoir chang\u00e9 de page.<\/p>\n\n\n\n<h3 class=\"wp-block-heading\">\u00b7 Cookies li\u00e9s aux formulaires<\/h3>\n\n\n\n<p>Lorsque vous soumettez des donn\u00e9es via un formulaire tel que ceux trouv\u00e9s sur les pages de contact ou les formulaires de commentaires, des cookies peuvent \u00eatre d\u00e9finis pour m\u00e9moriser vos informations d&rsquo;utilisateur pour une correspondance future.<\/p>\n\n\n\n<h3 class=\"wp-block-heading\">\u00b7 Cookies de pr\u00e9f\u00e9rence de site<\/h3>\n\n\n\n<p>Afin de vous offrir une exp\u00e9rience agr\u00e9able sur ce site, nous vous proposons la fonctionnalit\u00e9 permettant de d\u00e9finir vos pr\u00e9f\u00e9rences quant au fonctionnement de ce site lorsque vous l&rsquo;utilisez. Afin de m\u00e9moriser vos pr\u00e9f\u00e9rences, nous devons d\u00e9finir des cookies afin que ces informations puissent \u00eatre appel\u00e9es chaque fois que vous interagissez avec une page affect\u00e9e par vos pr\u00e9f\u00e9rences.<\/p>\n\n\n\n<h2 class=\"wp-block-heading\"><br>Cookies tiers<\/h2>\n\n\n\n<p>Dans certains cas particuliers, nous utilisons \u00e9galement des cookies fournis par des tiers de confiance. La section suivante d\u00e9taille les cookies tiers que vous pourriez rencontrer via ce site.<br><br>Ce site utilise Google Analytics, l&rsquo;une des solutions d&rsquo;analyse les plus r\u00e9pandues et les plus fiables sur le Web, pour nous aider \u00e0 comprendre comment vous utilisez le site et les moyens par lesquels nous pouvons am\u00e9liorer votre exp\u00e9rience. Ces cookies peuvent suivre des \u00e9l\u00e9ments tels que le temps que vous passez sur le site et les pages que vous visitez afin que nous puissions continuer \u00e0 produire du contenu attrayant.<\/p>\n\n\n\n<h4 class=\"wp-block-heading\">&nbsp;Pour plus d&rsquo;informations sur les cookies de Google Analytics, consultez la page officielle de Google Analytics.&nbsp;<\/h4>\n\n\n\n<p>\u00b7 Des analyses tierces sont utilis\u00e9es pour suivre et mesurer l&rsquo;utilisation de ce site afin que nous puissions continuer \u00e0 produire du contenu attrayant. Ces cookies peuvent suivre des \u00e9l\u00e9ments tels que le temps que vous passez sur le site ou les pages que vous visitez, ce qui nous aide \u00e0 comprendre comment nous pouvons am\u00e9liorer le site pour vous.<br><br>\u00b7 Nous testons p\u00e9riodiquement de nouvelles fonctionnalit\u00e9s et apportons des modifications subtiles \u00e0 l&rsquo;apparence du site. Lorsque nous testons encore de nouvelles fonctionnalit\u00e9s, ces cookies peuvent \u00eatre utilis\u00e9s pour garantir que vous recevez une exp\u00e9rience coh\u00e9rente sur le site tout en nous assurant de comprendre quelles optimisations nos utilisateurs appr\u00e9cient le plus.<\/p>\n\n\n\n<h2 class=\"wp-block-heading\">Plus d&rsquo;informations<\/h2>\n\n\n\n<p>J&rsquo;esp\u00e8re que cela a clarifi\u00e9 les choses pour vous et comme cela a \u00e9t\u00e9 mentionn\u00e9 pr\u00e9c\u00e9demment, s&rsquo;il y a quelque chose dont vous n&rsquo;\u00eates pas s\u00fbr d&rsquo;avoir besoin ou non, il est g\u00e9n\u00e9ralement plus s\u00fbr de laisser les cookies activ\u00e9s au cas o\u00f9 ils interagiraient avec l&rsquo;une des fonctionnalit\u00e9s que vous utilisez sur notre site.<\/p>\n","protected":false},"excerpt":{"rendered":"<p>politique de confidentialit\u00e9 Votre vie priv\u00e9e est importante pour nous. La politique de Sol Sports est de respecter votre vie priv\u00e9e concernant toute information que nous pouvons collecter aupr\u00e8s de vous sur le site Web de Sol Sports et d&rsquo;autres sites que nous poss\u00e9dons et exploitons. Nous ne demandons des informations personnelles que lorsque nous [&hellip;]<\/p>\n","protected":false},"author":1,"featured_media":0,"parent":0,"menu_order":0,"comment_status":"closed","ping_status":"closed","template":"","meta":{"cybocfi_hide_featured_image":"","footnotes":""},"class_list":["post-4630","page","type-page","status-publish","hentry"],"aioseo_notices":[],"_links":{"self":[{"href":"https:\/\/www.solfrance.fr\/ailes-paramoteur\/wp-json\/wp\/v2\/pages\/4630","targetHints":{"allow":["GET"]}}],"collection":[{"href":"https:\/\/www.solfrance.fr\/ailes-paramoteur\/wp-json\/wp\/v2\/pages"}],"about":[{"href":"https:\/\/www.solfrance.fr\/ailes-paramoteur\/wp-json\/wp\/v2\/types\/page"}],"author":[{"embeddable":true,"href":"https:\/\/www.solfrance.fr\/ailes-paramoteur\/wp-json\/wp\/v2\/users\/1"}],"replies":[{"embeddable":true,"href":"https:\/\/www.solfrance.fr\/ailes-paramoteur\/wp-json\/wp\/v2\/comments?post=4630"}],"version-history":[{"count":1,"href":"https:\/\/www.solfrance.fr\/ailes-paramoteur\/wp-json\/wp\/v2\/pages\/4630\/revisions"}],"predecessor-version":[{"id":4648,"href":"https:\/\/www.solfrance.fr\/ailes-paramoteur\/wp-json\/wp\/v2\/pages\/4630\/revisions\/4648"}],"wp:attachment":[{"href":"https:\/\/www.solfrance.fr\/ailes-paramoteur\/wp-json\/wp\/v2\/media?parent=4630"}],"curies":[{"name":"wp","href":"https:\/\/api.w.org\/{rel}","templated":true}]}}