{"id":4631,"date":"2025-03-05T13:11:52","date_gmt":"2025-03-05T13:11:52","guid":{"rendered":"https:\/\/www.solfrance.fr\/ailes-paramoteur\/a-propos-de-nous\/"},"modified":"2025-03-05T13:12:03","modified_gmt":"2025-03-05T13:12:03","slug":"a-propos-de-nous","status":"publish","type":"page","link":"https:\/\/www.solfrance.fr\/ailes-paramoteur\/a-propos-de-nous\/","title":{"rendered":"A propos de nous"},"content":{"rendered":"\n<p>\u00c0 propos de nous<\/p>\n\n\n\n<p>SOL Paragliders est le r\u00e9sultat de 30 ans d&rsquo;implication dans le sport &#8211; depuis 1979, nous entretenons une relation \u00e9troite avec tout ce qui touche au deltaplane. En 1991, cette participation est devenue une soci\u00e9t\u00e9. Leader en Am\u00e9rique et l&rsquo;un des leaders mondiaux dans la production de parapentes et d&rsquo;\u00e9quipements de deltaplane. SOL Paragliders a des distributeurs dans 68 pays et ses produits sont utilis\u00e9s dans tous les pays du monde o\u00f9 le parapente est pratiqu\u00e9.<\/p>\n\n\n\n<p><br><strong>Notre promesse principale<\/strong><\/p>\n\n\n\n<p>Gr\u00e2ce \u00e0 la rigueur dans la fabrication de nos produits, vous pouvez voler beaucoup plus haut, beaucoup plus loin, transcendant votre espace en toute s\u00e9curit\u00e9 et en toute tranquillit\u00e9.<\/p>\n\n\n\n<p><br><strong>Notre promesse secondaire<\/strong><\/p>\n\n\n\n<p>Tous les produits sont fabriqu\u00e9s avec les connaissances et les technologies accumul\u00e9es depuis 1991, par une entreprise socialement responsable int\u00e9gr\u00e9e dans ses processus de d\u00e9veloppement et de production.<\/p>\n\n\n\n<p><br><strong>L&rsquo;avantage<\/strong><\/p>\n\n\n\n<p>Vous aurez acc\u00e8s \u00e0 des produits modernes, efficaces, confortables et faciles \u00e0 utiliser au sein du groupe d\u2019utilisateurs vis\u00e9. Votre \u00e9quipement pour vivre des exp\u00e9riences de vol plus loin, en libert\u00e9, en profitant du vent et de l&rsquo;adr\u00e9naline dans les moments uniques de votre vie.<\/p>\n\n\n\n<p><br><strong>Notre public cible<\/strong><\/p>\n\n\n\n<p>Des hommes et des femmes qui vivent un sentiment de d\u00e9fi et d\u2019\u00e9motion en exer\u00e7ant leur droit \u00e0 la libert\u00e9. Praticiens de tous niveaux et de toutes modalit\u00e9s de vol libre en parapente \u2013 du vol de loisir au vol de comp\u00e9tition, du vol longue distance au vol acrobatique, du d\u00e9butant \u00e0 l&rsquo;exp\u00e9riment\u00e9.<\/p>\n\n\n\n<p>En savoir plus >>>\u00a0<a href=\"https:\/\/www.solfrance.fr\/notre-histoire\/\" data-type=\"page\" data-id=\"3863\">Notre histoire<\/a><\/p>\n\n\n\n<p><em><strong>CULTURE ORGANISATIONNELLE&nbsp;<\/strong><\/em><\/p>\n\n\n\n<p><strong>MISSION<\/strong><\/p>\n\n\n\n<p>Notre mission est d&rsquo;offrir des produits cr\u00e9atifs pour les supporters et les pratiquants de vol, de sports et d&rsquo;activit\u00e9s de plein air, avec rigueur dans l&rsquo;utilisation des mat\u00e9riaux et des finitions, procurant des sensations inoubliables \u00e0 nos clients et la fiert\u00e9 de nos collaborateurs.<\/p>\n\n\n\n<p><strong>VISION<\/strong><\/p>\n\n\n\n<p>\u00catre reconnu comme une marque inspirante de libert\u00e9 parmi les pratiquants et les partisans des sports de plein air.<\/p>\n\n\n\n<p><strong>ENTREPRISE<\/strong><\/p>\n\n\n\n<p>L\u2019activit\u00e9 de SOL est de fournir des produits qui g\u00e9n\u00e8rent un sentiment de d\u00e9fi, d\u2019\u00e9motion et de libert\u00e9.<\/p>\n\n\n\n<p><strong>CROIRE<\/strong><\/p>\n\n\n\n<p>Voler, c&rsquo;est plus que se d\u00e9placer dans les airs,<br>c&rsquo;est sortir de nos d\u00f4mes de b\u00e9ton et de nos ombres,<br>c&rsquo;est voir le monde d&rsquo;en haut,<br>c&rsquo;est ressentir combien la nature et ses \u00e9l\u00e9ments sont gigantesques,<br>c&rsquo;est d\u00e9couvrir que la terre est bleue.<br>La libert\u00e9 est l\u2019essence m\u00eame de l\u2019\u00eatre humain. Tu peux voler.<\/p>\n\n\n\n<p><strong>VALEURS<\/strong><\/p>\n\n\n\n<p>La libert\u00e9 : c&rsquo;est un privil\u00e8ge et un droit des \u00eatres humains de transcender leur espace.<br>Rigueur : nous sommes r\u00e9gis par la rigueur dans les d\u00e9tails, les exigences et le soin avec ce que nous faisons et pour qui nous le faisons.<br>Le s\u00e9rieux : c&rsquo;est le minimum que nos clients attendent de notre entreprise.<br>L&rsquo;innovation : sortir de l&rsquo;\u00e9vidence et voir ce que les autres ne voient pas et les surprendre.<br>Responsabilit\u00e9 : nous signons ce que nous faisons et livrons \u00e0 nos clients.<br>L&rsquo;\u00e9thique : c&rsquo;est la boussole qui guide nos actions.<br>Respect : les valeurs individuelles doivent \u00eatre respect\u00e9es.<br>Le courage : oser toujours faire les choses diff\u00e9remment pour faire la diff\u00e9rence.<br>Fiert\u00e9 : aider les gens \u00e0 r\u00e9aliser leurs r\u00eaves.<br>Responsabilit\u00e9 sociale : l\u2019entreprise est une entit\u00e9 sociale qui doit vivre sous le tr\u00e9pied de la durabilit\u00e9.<\/p>\n","protected":false},"excerpt":{"rendered":"<p>\u00c0 propos de nous SOL Paragliders est le r\u00e9sultat de 30 ans d&rsquo;implication dans le sport &#8211; depuis 1979, nous entretenons une relation \u00e9troite avec tout ce qui touche au deltaplane. En 1991, cette participation est devenue une soci\u00e9t\u00e9. Leader en Am\u00e9rique et l&rsquo;un des leaders mondiaux dans la production de parapentes et d&rsquo;\u00e9quipements de [&hellip;]<\/p>\n","protected":false},"author":1,"featured_media":0,"parent":0,"menu_order":0,"comment_status":"closed","ping_status":"closed","template":"","meta":{"cybocfi_hide_featured_image":"","footnotes":""},"class_list":["post-4631","page","type-page","status-publish","hentry"],"aioseo_notices":[],"_links":{"self":[{"href":"https:\/\/www.solfrance.fr\/ailes-paramoteur\/wp-json\/wp\/v2\/pages\/4631","targetHints":{"allow":["GET"]}}],"collection":[{"href":"https:\/\/www.solfrance.fr\/ailes-paramoteur\/wp-json\/wp\/v2\/pages"}],"about":[{"href":"https:\/\/www.solfrance.fr\/ailes-paramoteur\/wp-json\/wp\/v2\/types\/page"}],"author":[{"embeddable":true,"href":"https:\/\/www.solfrance.fr\/ailes-paramoteur\/wp-json\/wp\/v2\/users\/1"}],"replies":[{"embeddable":true,"href":"https:\/\/www.solfrance.fr\/ailes-paramoteur\/wp-json\/wp\/v2\/comments?post=4631"}],"version-history":[{"count":0,"href":"https:\/\/www.solfrance.fr\/ailes-paramoteur\/wp-json\/wp\/v2\/pages\/4631\/revisions"}],"wp:attachment":[{"href":"https:\/\/www.solfrance.fr\/ailes-paramoteur\/wp-json\/wp\/v2\/media?parent=4631"}],"curies":[{"name":"wp","href":"https:\/\/api.w.org\/{rel}","templated":true}]}}